{"id":206646,"date":"2018-12-12T08:48:54","date_gmt":"2018-12-12T08:48:54","guid":{"rendered":"https:\/\/www.casavacanzemoresco.com\/thanks-contacts\/"},"modified":"2019-05-22T16:21:59","modified_gmt":"2019-05-22T16:21:59","slug":"merci-contacts","status":"publish","type":"page","link":"https:\/\/www.casavacanzemoresco.com\/fr\/merci-contacts\/","title":{"rendered":"Merci"},"content":{"rendered":"<p>[et_pb_section fb_built=\u00a0\u00bb1&Prime; _builder_version=\u00a0\u00bb3.22.3&Prime; background_color=\u00a0\u00bb#f9f9f9&Prime;][et_pb_row _builder_version=\u00a0\u00bb3.22.3&Prime;][et_pb_column type=\u00a0\u00bb4_4&Prime; _builder_version=\u00a0\u00bb3.0.47&Prime;][et_pb_text _builder_version=\u00a0\u00bb3.22.7&Prime; text_font=\u00a0\u00bb|300|||||||\u00a0\u00bb]<\/p>\n<h1>Merci beaucoup!<\/h1>\n<p>Merci de nous avoir contact\u00e9, nous vous r\u00e9pondrons dans les meilleurs d\u00e9lais.<br \/>\nRestez avec nous, revenez \u00e0 la page d&rsquo;accueil du site et reprenez la navigation<br \/>\n[\/et_pb_text][\/et_pb_column][\/et_pb_row][et_pb_row custom_padding=\u00a0\u00bb0px||\u00a0\u00bb custom_margin=\u00a0\u00bb0px||\u00a0\u00bb _builder_version=\u00a0\u00bb3.22.3&Prime;][et_pb_column type=\u00a0\u00bb1_2&Prime; _builder_version=\u00a0\u00bb3.0.47&Prime;][et_pb_button button_url=\u00a0\u00bbhttps:\/\/www.casavacanzemoresco.com\/fr\/\u00a0\u00bb button_text=\u00a0\u00bbHomepage\u00a0\u00bb _builder_version=\u00a0\u00bb3.22.7&Prime;][\/et_pb_button][\/et_pb_column][et_pb_column type=\u00a0\u00bb1_2&Prime; _builder_version=\u00a0\u00bb3.0.47&Prime;][\/et_pb_column][\/et_pb_row][\/et_pb_section][et_pb_section fb_built=\u00a0\u00bb1&Prime; custom_padding_last_edited=\u00a0\u00bbon|desktop\u00a0\u00bb _builder_version=\u00a0\u00bb3.22.3&Prime; custom_margin=\u00a0\u00bb|||\u00a0\u00bb custom_padding=\u00a0\u00bb60px||175px||false|false\u00a0\u00bb custom_padding_tablet=\u00a0\u00bb50px||50px|\u00a0\u00bb animation_style=\u00a0\u00bbslide\u00a0\u00bb animation_direction=\u00a0\u00bbbottom\u00a0\u00bb animation_intensity_slide=\u00a0\u00bb10%\u00a0\u00bb][et_pb_row custom_padding=\u00a0\u00bb27px|0px|60px|0px|false|false\u00a0\u00bb _builder_version=\u00a0\u00bb3.22.3&Prime;][et_pb_column type=\u00a0\u00bb4_4&Prime; _builder_version=\u00a0\u00bb3.0.47&Prime;][et_pb_text admin_label=\u00a0\u00bbNos appartements\u00a0\u00bb _builder_version=\u00a0\u00bb3.19.11&Prime; text_text_color=\u00a0\u00bb#aa0956&Prime; text_font_size=\u00a0\u00bb35px\u00a0\u00bb text_font_size_tablet=\u00a0\u00bb24px\u00a0\u00bb text_font_size_last_edited=\u00a0\u00bbon|tablet\u00a0\u00bb text_line_height=\u00a0\u00bb1.4em\u00a0\u00bb header_font=\u00a0\u00bbRoboto||||||||\u00a0\u00bb header_text_color=\u00a0\u00bb#aa0956&Prime; header_line_height=\u00a0\u00bb1.1em\u00a0\u00bb header_2_font=\u00a0\u00bb|700|||||||\u00a0\u00bb header_2_text_color=\u00a0\u00bb#b265ae\u00a0\u00bb header_2_font_size=\u00a0\u00bb35px\u00a0\u00bb text_orientation=\u00a0\u00bbcenter\u00a0\u00bb custom_margin=\u00a0\u00bb|||\u00a0\u00bb custom_padding=\u00a0\u00bb|||\u00a0\u00bb]Nos appartements<br \/>\n[\/et_pb_text][\/et_pb_column][\/et_pb_row][et_pb_row use_custom_gutter=\u00a0\u00bbon\u00a0\u00bb gutter_width=\u00a0\u00bb2&Prime; custom_padding=\u00a0\u00bb0px||0px\u00a0\u00bb custom_margin=\u00a0\u00bb0px||0px\u00a0\u00bb module_class=\u00a0\u00bb et_pb_row_fullwidth\u00a0\u00bb _builder_version=\u00a0\u00bb3.22.3&Prime; width=\u00a0\u00bb94%\u00a0\u00bb width_tablet=\u00a0\u00bb80%\u00a0\u00bb width_last_edited=\u00a0\u00bbon|desktop\u00a0\u00bb max_width=\u00a0\u00bb94%\u00a0\u00bb max_width_tablet=\u00a0\u00bb80%\u00a0\u00bb max_width_last_edited=\u00a0\u00bbon|desktop\u00a0\u00bb make_fullwidth=\u00a0\u00bbon\u00a0\u00bb custom_width_px=\u00a0\u00bb1300px\u00a0\u00bb][et_pb_column type=\u00a0\u00bb1_3&Prime; _builder_version=\u00a0\u00bb3.0.47&Prime;][et_pb_image src=\u00a0\u00bbhttps:\/\/www.casavacanzemoresco.com\/wp-content\/uploads\/2018\/11\/monolocale-ceriale-moresco.jpg\u00a0\u00bb url=\u00a0\u00bbhttps:\/\/www.casavacanzemoresco.com\/appartamenti-ceriale\/monolocale-ceriale\/\u00a0\u00bb show_bottom_space=\u00a0\u00bboff\u00a0\u00bb force_fullwidth=\u00a0\u00bbon\u00a0\u00bb _builder_version=\u00a0\u00bb3.17.6&Prime;][\/et_pb_image][et_pb_text admin_label=\u00a0\u00bbStudios\u00a0\u00bb module_class=\u00a0\u00bbds-advent-6-text-hide\u00a0\u00bb _builder_version=\u00a0\u00bb3.19.11&Prime; text_font=\u00a0\u00bb|300|||||||\u00a0\u00bb text_font_size=\u00a0\u00bb20px\u00a0\u00bb text_font_size_phone=\u00a0\u00bb16px\u00a0\u00bb text_font_size_last_edited=\u00a0\u00bbon|desktop\u00a0\u00bb text_line_height=\u00a0\u00bb1em\u00a0\u00bb header_3_font=\u00a0\u00bbRoboto|||on|||||\u00a0\u00bb header_3_font_size=\u00a0\u00bb30px\u00a0\u00bb header_3_font_size_phone=\u00a0\u00bb22px\u00a0\u00bb header_3_font_size_last_edited=\u00a0\u00bbon|desktop\u00a0\u00bb use_background_color_gradient=\u00a0\u00bbon\u00a0\u00bb background_color_gradient_start=\u00a0\u00bbrgba(121,54,115,0.53)\u00a0\u00bb background_color_gradient_end=\u00a0\u00bbrgba(121,54,115,0.53)\u00a0\u00bb background_color_gradient_direction=\u00a0\u00bb90deg\u00a0\u00bb text_orientation=\u00a0\u00bbcenter\u00a0\u00bb background_layout=\u00a0\u00bbdark\u00a0\u00bb module_alignment=\u00a0\u00bbcenter\u00a0\u00bb custom_padding=\u00a0\u00bb20px|20px|20px|20px\u00a0\u00bb link_option_url=\u00a0\u00bbhttps:\/\/www.casavacanzemoresco.com\/appartamenti-ceriale\/monolocale-ceriale\/\u00a0\u00bb]<\/p>\n<h3>Studios<\/h3>\n<p><img decoding=\"async\" src=\"https:\/\/www.casavacanzemoresco.com\/wp-content\/uploads\/2018\/11\/persone-per-appartamento.png\" alt=\"\" width=\"15\"> 3 personnes &#8211; <img decoding=\"async\" src=\"https:\/\/www.casavacanzemoresco.com\/wp-content\/uploads\/2018\/11\/mq.png\" alt=\"\" width=\"15\"> 30 m\u00b2<br \/>\n[\/et_pb_text][\/et_pb_column][et_pb_column type=\u00a0\u00bb1_3&Prime; _builder_version=\u00a0\u00bb3.0.47&Prime;][et_pb_image src=\u00a0\u00bbhttps:\/\/www.casavacanzemoresco.com\/wp-content\/uploads\/2018\/11\/bilocale-ceriale-moresco.jpg\u00a0\u00bb url=\u00a0\u00bbhttps:\/\/www.casavacanzemoresco.com\/appartamenti-ceriale\/bilocale-ceriale\/\u00a0\u00bb show_bottom_space=\u00a0\u00bboff\u00a0\u00bb force_fullwidth=\u00a0\u00bbon\u00a0\u00bb _builder_version=\u00a0\u00bb3.17.6&Prime;][\/et_pb_image][et_pb_text admin_label=\u00a0\u00bbAppartements de 2 pi\u00e8ces\u00a0\u00bb module_class=\u00a0\u00bbds-advent-6-text-hide\u00a0\u00bb _builder_version=\u00a0\u00bb3.19.11&Prime; text_font=\u00a0\u00bb|300|||||||\u00a0\u00bb text_font_size=\u00a0\u00bb20px\u00a0\u00bb text_font_size_phone=\u00a0\u00bb16px\u00a0\u00bb text_font_size_last_edited=\u00a0\u00bbon|phone\u00a0\u00bb text_line_height=\u00a0\u00bb1em\u00a0\u00bb header_3_font=\u00a0\u00bbRoboto|||on|||||\u00a0\u00bb header_3_font_size=\u00a0\u00bb30px\u00a0\u00bb header_3_font_size_phone=\u00a0\u00bb22px\u00a0\u00bb header_3_font_size_last_edited=\u00a0\u00bbon|desktop\u00a0\u00bb use_background_color_gradient=\u00a0\u00bbon\u00a0\u00bb background_color_gradient_start=\u00a0\u00bbrgba(121,54,115,0.53)\u00a0\u00bb background_color_gradient_end=\u00a0\u00bbrgba(121,54,115,0.53)\u00a0\u00bb background_color_gradient_direction=\u00a0\u00bb90deg\u00a0\u00bb text_orientation=\u00a0\u00bbcenter\u00a0\u00bb background_layout=\u00a0\u00bbdark\u00a0\u00bb module_alignment=\u00a0\u00bbcenter\u00a0\u00bb custom_padding=\u00a0\u00bb20px|20px|20px|20px\u00a0\u00bb link_option_url=\u00a0\u00bbhttps:\/\/www.casavacanzemoresco.com\/appartamenti-ceriale\/bilocale-ceriale\/\u00a0\u00bb]<\/p>\n<h3>Appartements de deux pi\u00e8ces<\/h3>\n<p><img decoding=\"async\" src=\"https:\/\/www.casavacanzemoresco.com\/wp-content\/uploads\/2018\/11\/persone-per-appartamento.png\" alt=\"\" width=\"15\"> 4 personnes &#8211; <img decoding=\"async\" src=\"https:\/\/www.casavacanzemoresco.com\/wp-content\/uploads\/2018\/11\/mq.png\" alt=\"\" width=\"15\"> 39\/45 m\u00b2<br \/>\n[\/et_pb_text][\/et_pb_column][et_pb_column type=\u00a0\u00bb1_3&Prime; _builder_version=\u00a0\u00bb3.0.47&Prime;][et_pb_image src=\u00a0\u00bbhttps:\/\/www.casavacanzemoresco.com\/wp-content\/uploads\/2018\/11\/trilocale-ceriale-moresco.jpg\u00a0\u00bb url=\u00a0\u00bbhttps:\/\/www.casavacanzemoresco.com\/appartamenti-ceriale\/appartamento-trilocale\/\u00a0\u00bb show_bottom_space=\u00a0\u00bboff\u00a0\u00bb force_fullwidth=\u00a0\u00bbon\u00a0\u00bb _builder_version=\u00a0\u00bb3.17.6&Prime;][\/et_pb_image][et_pb_text admin_label=\u00a0\u00bbAppartements de trois pi\u00e8ces\u00a0\u00bb module_class=\u00a0\u00bbds-advent-6-text-hide\u00a0\u00bb _builder_version=\u00a0\u00bb3.19.11&Prime; text_font=\u00a0\u00bb|300|||||||\u00a0\u00bb text_font_size=\u00a0\u00bb20px\u00a0\u00bb text_font_size_phone=\u00a0\u00bb16px\u00a0\u00bb text_font_size_last_edited=\u00a0\u00bbon|phone\u00a0\u00bb text_line_height=\u00a0\u00bb1em\u00a0\u00bb header_3_font=\u00a0\u00bbRoboto|||on|||||\u00a0\u00bb header_3_font_size=\u00a0\u00bb30px\u00a0\u00bb header_3_font_size_phone=\u00a0\u00bb22px\u00a0\u00bb header_3_font_size_last_edited=\u00a0\u00bbon|desktop\u00a0\u00bb use_background_color_gradient=\u00a0\u00bbon\u00a0\u00bb background_color_gradient_start=\u00a0\u00bbrgba(121,54,115,0.53)\u00a0\u00bb background_color_gradient_end=\u00a0\u00bbrgba(121,54,115,0.53)\u00a0\u00bb background_color_gradient_direction=\u00a0\u00bb90deg\u00a0\u00bb text_orientation=\u00a0\u00bbcenter\u00a0\u00bb background_layout=\u00a0\u00bbdark\u00a0\u00bb module_alignment=\u00a0\u00bbcenter\u00a0\u00bb custom_padding=\u00a0\u00bb20px|20px|20px|20px\u00a0\u00bb link_option_url=\u00a0\u00bbhttps:\/\/www.casavacanzemoresco.com\/appartamenti-ceriale\/appartamento-trilocale\/\u00a0\u00bb]<\/p>\n<h3>Appartements de trois pi\u00e8ces<\/h3>\n<p><img decoding=\"async\" src=\"https:\/\/www.casavacanzemoresco.com\/wp-content\/uploads\/2018\/11\/persone-per-appartamento.png\" alt=\"\" width=\"15\"> 5 personnes &#8211; <img decoding=\"async\" src=\"https:\/\/www.casavacanzemoresco.com\/wp-content\/uploads\/2018\/11\/mq.png\" alt=\"\" width=\"15\"> 53 m\u00b2<br \/>\n[\/et_pb_text][\/et_pb_column][\/et_pb_row][\/et_pb_section]<\/p>\n","protected":false},"excerpt":{"rendered":"<p>Merci beaucoup! Merci de nous avoir contact\u00e9, nous vous r\u00e9pondrons dans les meilleurs d\u00e9lais. Restez avec nous, revenez \u00e0 la page d&rsquo;accueil du site et reprenez la navigation Nos appartements Studios 3 personnes &#8211; 30 m\u00b2 Appartements de deux pi\u00e8ces 4 personnes &#8211; 39\/45 m\u00b2 Appartements de trois pi\u00e8ces 5 personnes &#8211; 53 m\u00b2<\/p>\n","protected":false},"author":1,"featured_media":0,"parent":0,"menu_order":0,"comment_status":"closed","ping_status":"closed","template":"","meta":{"_et_pb_use_builder":"on","_et_pb_old_content":"<!-- wp:divi\/placeholder \/-->","_et_gb_content_width":"","footnotes":""},"class_list":["post-206646","page","type-page","status-publish","hentry"],"yoast_head":"<!-- This site is optimized with the Yoast SEO plugin v27.4 - https:\/\/yoast.com\/product\/yoast-seo-wordpress\/ -->\n<title>Merci | Residence Moresco<\/title>\n<meta name=\"robots\" content=\"index, follow, max-snippet:-1, max-image-preview:large, max-video-preview:-1\" \/>\n<link rel=\"canonical\" href=\"https:\/\/www.casavacanzemoresco.com\/fr\/merci-contacts\/\" \/>\n<meta property=\"og:locale\" content=\"fr_FR\" \/>\n<meta property=\"og:type\" content=\"article\" \/>\n<meta property=\"og:title\" content=\"Merci | Residence Moresco\" \/>\n<meta property=\"og:description\" content=\"Merci beaucoup! Merci de nous avoir contact\u00e9, nous vous r\u00e9pondrons dans les meilleurs d\u00e9lais. Restez avec nous, revenez \u00e0 la page d&#039;accueil du site et reprenez la navigation Nos appartements Studios 3 personnes - 30 m\u00b2 Appartements de deux pi\u00e8ces 4 personnes - 39\/45 m\u00b2 Appartements de trois pi\u00e8ces 5 personnes - 53 m\u00b2\" \/>\n<meta property=\"og:url\" content=\"https:\/\/www.casavacanzemoresco.com\/fr\/merci-contacts\/\" \/>\n<meta property=\"og:site_name\" content=\"Residence Moresco\" \/>\n<meta property=\"article:modified_time\" content=\"2019-05-22T16:21:59+00:00\" \/>\n<meta property=\"og:image\" content=\"https:\/\/www.casavacanzemoresco.com\/wp-content\/uploads\/2018\/11\/persone-per-appartamento.png\" \/>\n<meta name=\"twitter:card\" content=\"summary_large_image\" \/>\n<meta name=\"twitter:label1\" content=\"Dur\u00e9e de lecture estim\u00e9e\" \/>\n\t<meta name=\"twitter:data1\" content=\"4 minutes\" \/>\n<script type=\"application\/ld+json\" class=\"yoast-schema-graph\">{\"@context\":\"https:\\\/\\\/schema.org\",\"@graph\":[{\"@type\":\"WebPage\",\"@id\":\"https:\\\/\\\/www.casavacanzemoresco.com\\\/fr\\\/merci-contacts\\\/\",\"url\":\"https:\\\/\\\/www.casavacanzemoresco.com\\\/fr\\\/merci-contacts\\\/\",\"name\":\"Merci | Residence Moresco\",\"isPartOf\":{\"@id\":\"https:\\\/\\\/www.casavacanzemoresco.com\\\/#website\"},\"primaryImageOfPage\":{\"@id\":\"https:\\\/\\\/www.casavacanzemoresco.com\\\/fr\\\/merci-contacts\\\/#primaryimage\"},\"image\":{\"@id\":\"https:\\\/\\\/www.casavacanzemoresco.com\\\/fr\\\/merci-contacts\\\/#primaryimage\"},\"thumbnailUrl\":\"https:\\\/\\\/www.casavacanzemoresco.com\\\/wp-content\\\/uploads\\\/2018\\\/11\\\/persone-per-appartamento.png\",\"datePublished\":\"2018-12-12T08:48:54+00:00\",\"dateModified\":\"2019-05-22T16:21:59+00:00\",\"breadcrumb\":{\"@id\":\"https:\\\/\\\/www.casavacanzemoresco.com\\\/fr\\\/merci-contacts\\\/#breadcrumb\"},\"inLanguage\":\"fr-FR\",\"potentialAction\":[{\"@type\":\"ReadAction\",\"target\":[\"https:\\\/\\\/www.casavacanzemoresco.com\\\/fr\\\/merci-contacts\\\/\"]}]},{\"@type\":\"ImageObject\",\"inLanguage\":\"fr-FR\",\"@id\":\"https:\\\/\\\/www.casavacanzemoresco.com\\\/fr\\\/merci-contacts\\\/#primaryimage\",\"url\":\"https:\\\/\\\/www.casavacanzemoresco.com\\\/wp-content\\\/uploads\\\/2018\\\/11\\\/persone-per-appartamento.png\",\"contentUrl\":\"https:\\\/\\\/www.casavacanzemoresco.com\\\/wp-content\\\/uploads\\\/2018\\\/11\\\/persone-per-appartamento.png\"},{\"@type\":\"BreadcrumbList\",\"@id\":\"https:\\\/\\\/www.casavacanzemoresco.com\\\/fr\\\/merci-contacts\\\/#breadcrumb\",\"itemListElement\":[{\"@type\":\"ListItem\",\"position\":1,\"name\":\"Home\",\"item\":\"https:\\\/\\\/www.casavacanzemoresco.com\\\/fr\\\/\"},{\"@type\":\"ListItem\",\"position\":2,\"name\":\"Merci\"}]},{\"@type\":\"WebSite\",\"@id\":\"https:\\\/\\\/www.casavacanzemoresco.com\\\/#website\",\"url\":\"https:\\\/\\\/www.casavacanzemoresco.com\\\/\",\"name\":\"Residence Moresco\",\"description\":\"Casa vacanza Liguria fronte mare\",\"publisher\":{\"@id\":\"https:\\\/\\\/www.casavacanzemoresco.com\\\/#organization\"},\"potentialAction\":[{\"@type\":\"SearchAction\",\"target\":{\"@type\":\"EntryPoint\",\"urlTemplate\":\"https:\\\/\\\/www.casavacanzemoresco.com\\\/?s={search_term_string}\"},\"query-input\":{\"@type\":\"PropertyValueSpecification\",\"valueRequired\":true,\"valueName\":\"search_term_string\"}}],\"inLanguage\":\"fr-FR\"},{\"@type\":\"Organization\",\"@id\":\"https:\\\/\\\/www.casavacanzemoresco.com\\\/#organization\",\"name\":\"Casa Vacanze Moresco\",\"url\":\"https:\\\/\\\/www.casavacanzemoresco.com\\\/\",\"logo\":{\"@type\":\"ImageObject\",\"inLanguage\":\"fr-FR\",\"@id\":\"https:\\\/\\\/www.casavacanzemoresco.com\\\/#\\\/schema\\\/logo\\\/image\\\/\",\"url\":\"https:\\\/\\\/www.casavacanzemoresco.com\\\/wp-content\\\/uploads\\\/2018\\\/10\\\/logo-residence-moresco.png\",\"contentUrl\":\"https:\\\/\\\/www.casavacanzemoresco.com\\\/wp-content\\\/uploads\\\/2018\\\/10\\\/logo-residence-moresco.png\",\"width\":756,\"height\":270,\"caption\":\"Casa Vacanze Moresco\"},\"image\":{\"@id\":\"https:\\\/\\\/www.casavacanzemoresco.com\\\/#\\\/schema\\\/logo\\\/image\\\/\"}}]}<\/script>\n<!-- \/ Yoast SEO plugin. -->","yoast_head_json":{"title":"Merci | Residence Moresco","robots":{"index":"index","follow":"follow","max-snippet":"max-snippet:-1","max-image-preview":"max-image-preview:large","max-video-preview":"max-video-preview:-1"},"canonical":"https:\/\/www.casavacanzemoresco.com\/fr\/merci-contacts\/","og_locale":"fr_FR","og_type":"article","og_title":"Merci | Residence Moresco","og_description":"Merci beaucoup! Merci de nous avoir contact\u00e9, nous vous r\u00e9pondrons dans les meilleurs d\u00e9lais. Restez avec nous, revenez \u00e0 la page d'accueil du site et reprenez la navigation Nos appartements Studios 3 personnes - 30 m\u00b2 Appartements de deux pi\u00e8ces 4 personnes - 39\/45 m\u00b2 Appartements de trois pi\u00e8ces 5 personnes - 53 m\u00b2","og_url":"https:\/\/www.casavacanzemoresco.com\/fr\/merci-contacts\/","og_site_name":"Residence Moresco","article_modified_time":"2019-05-22T16:21:59+00:00","og_image":[{"url":"https:\/\/www.casavacanzemoresco.com\/wp-content\/uploads\/2018\/11\/persone-per-appartamento.png","type":"","width":"","height":""}],"twitter_card":"summary_large_image","twitter_misc":{"Dur\u00e9e de lecture estim\u00e9e":"4 minutes"},"schema":{"@context":"https:\/\/schema.org","@graph":[{"@type":"WebPage","@id":"https:\/\/www.casavacanzemoresco.com\/fr\/merci-contacts\/","url":"https:\/\/www.casavacanzemoresco.com\/fr\/merci-contacts\/","name":"Merci | Residence Moresco","isPartOf":{"@id":"https:\/\/www.casavacanzemoresco.com\/#website"},"primaryImageOfPage":{"@id":"https:\/\/www.casavacanzemoresco.com\/fr\/merci-contacts\/#primaryimage"},"image":{"@id":"https:\/\/www.casavacanzemoresco.com\/fr\/merci-contacts\/#primaryimage"},"thumbnailUrl":"https:\/\/www.casavacanzemoresco.com\/wp-content\/uploads\/2018\/11\/persone-per-appartamento.png","datePublished":"2018-12-12T08:48:54+00:00","dateModified":"2019-05-22T16:21:59+00:00","breadcrumb":{"@id":"https:\/\/www.casavacanzemoresco.com\/fr\/merci-contacts\/#breadcrumb"},"inLanguage":"fr-FR","potentialAction":[{"@type":"ReadAction","target":["https:\/\/www.casavacanzemoresco.com\/fr\/merci-contacts\/"]}]},{"@type":"ImageObject","inLanguage":"fr-FR","@id":"https:\/\/www.casavacanzemoresco.com\/fr\/merci-contacts\/#primaryimage","url":"https:\/\/www.casavacanzemoresco.com\/wp-content\/uploads\/2018\/11\/persone-per-appartamento.png","contentUrl":"https:\/\/www.casavacanzemoresco.com\/wp-content\/uploads\/2018\/11\/persone-per-appartamento.png"},{"@type":"BreadcrumbList","@id":"https:\/\/www.casavacanzemoresco.com\/fr\/merci-contacts\/#breadcrumb","itemListElement":[{"@type":"ListItem","position":1,"name":"Home","item":"https:\/\/www.casavacanzemoresco.com\/fr\/"},{"@type":"ListItem","position":2,"name":"Merci"}]},{"@type":"WebSite","@id":"https:\/\/www.casavacanzemoresco.com\/#website","url":"https:\/\/www.casavacanzemoresco.com\/","name":"Residence Moresco","description":"Casa vacanza Liguria fronte mare","publisher":{"@id":"https:\/\/www.casavacanzemoresco.com\/#organization"},"potentialAction":[{"@type":"SearchAction","target":{"@type":"EntryPoint","urlTemplate":"https:\/\/www.casavacanzemoresco.com\/?s={search_term_string}"},"query-input":{"@type":"PropertyValueSpecification","valueRequired":true,"valueName":"search_term_string"}}],"inLanguage":"fr-FR"},{"@type":"Organization","@id":"https:\/\/www.casavacanzemoresco.com\/#organization","name":"Casa Vacanze Moresco","url":"https:\/\/www.casavacanzemoresco.com\/","logo":{"@type":"ImageObject","inLanguage":"fr-FR","@id":"https:\/\/www.casavacanzemoresco.com\/#\/schema\/logo\/image\/","url":"https:\/\/www.casavacanzemoresco.com\/wp-content\/uploads\/2018\/10\/logo-residence-moresco.png","contentUrl":"https:\/\/www.casavacanzemoresco.com\/wp-content\/uploads\/2018\/10\/logo-residence-moresco.png","width":756,"height":270,"caption":"Casa Vacanze Moresco"},"image":{"@id":"https:\/\/www.casavacanzemoresco.com\/#\/schema\/logo\/image\/"}}]}},"_links":{"self":[{"href":"https:\/\/www.casavacanzemoresco.com\/fr\/wp-json\/wp\/v2\/pages\/206646","targetHints":{"allow":["GET"]}}],"collection":[{"href":"https:\/\/www.casavacanzemoresco.com\/fr\/wp-json\/wp\/v2\/pages"}],"about":[{"href":"https:\/\/www.casavacanzemoresco.com\/fr\/wp-json\/wp\/v2\/types\/page"}],"author":[{"embeddable":true,"href":"https:\/\/www.casavacanzemoresco.com\/fr\/wp-json\/wp\/v2\/users\/1"}],"replies":[{"embeddable":true,"href":"https:\/\/www.casavacanzemoresco.com\/fr\/wp-json\/wp\/v2\/comments?post=206646"}],"version-history":[{"count":3,"href":"https:\/\/www.casavacanzemoresco.com\/fr\/wp-json\/wp\/v2\/pages\/206646\/revisions"}],"predecessor-version":[{"id":208991,"href":"https:\/\/www.casavacanzemoresco.com\/fr\/wp-json\/wp\/v2\/pages\/206646\/revisions\/208991"}],"wp:attachment":[{"href":"https:\/\/www.casavacanzemoresco.com\/fr\/wp-json\/wp\/v2\/media?parent=206646"}],"curies":[{"name":"wp","href":"https:\/\/api.w.org\/{rel}","templated":true}]}}