{"id":206593,"date":"2018-10-31T14:56:22","date_gmt":"2018-10-31T14:56:22","guid":{"rendered":"https:\/\/www.casavacanzemoresco.com\/appartements-ceriale\/two-room-apartments\/"},"modified":"2019-04-12T07:48:47","modified_gmt":"2019-04-12T07:48:47","slug":"appartements-de-deux-pieces","status":"publish","type":"page","link":"https:\/\/www.casavacanzemoresco.com\/fr\/appartements-ceriale\/appartements-de-deux-pieces\/","title":{"rendered":"Appartements de deux pi\u00e8ces"},"content":{"rendered":"<p>[et_pb_section fb_built=\u00a0\u00bb1&Prime; custom_padding_last_edited=\u00a0\u00bbon|desktop\u00a0\u00bb disabled_on=\u00a0\u00bboff|off|off\u00a0\u00bb _builder_version=\u00a0\u00bb3.19.18&Prime; background_color=\u00a0\u00bb#f7f7f7&Prime; custom_margin=\u00a0\u00bb|||\u00a0\u00bb custom_padding_tablet=\u00a0\u00bb50px||50px|\u00a0\u00bb custom_padding_phone=\u00a0\u00bb0px||\u00a0\u00bb animation_style=\u00a0\u00bbslide\u00a0\u00bb animation_direction=\u00a0\u00bbbottom\u00a0\u00bb animation_intensity_slide=\u00a0\u00bb10%\u00a0\u00bb][et_pb_row custom_width_px=\u00a0\u00bb1300px\u00a0\u00bb use_custom_gutter=\u00a0\u00bbon\u00a0\u00bb gutter_width=\u00a0\u00bb2&Prime; custom_padding=\u00a0\u00bb0px||0px\u00a0\u00bb custom_margin=\u00a0\u00bb0px||0px\u00a0\u00bb _builder_version=\u00a0\u00bb3.19.4&Prime;][et_pb_column type=\u00a0\u00bb1_2&Prime; _builder_version=\u00a0\u00bb3.0.47&Prime;][et_pb_image src=\u00a0\u00bbhttps:\/\/www.casavacanzemoresco.com\/wp-content\/uploads\/2019\/01\/bilocale-ceriale-fronte-mare.jpg\u00a0\u00bb url=\u00a0\u00bbhttps:\/\/www.casavacanzemoresco.com\/fr\/appartements-ceriale\/appartements-de-deux-pieces\/front-mer\/\u00a0\u00bb show_bottom_space=\u00a0\u00bboff\u00a0\u00bb force_fullwidth=\u00a0\u00bbon\u00a0\u00bb _builder_version=\u00a0\u00bb3.21.4&Prime;]<br \/>\n[\/et_pb_image][et_pb_text admin_label=\u00a0\u00bbvue sur la mer.\u00a0\u00bb module_class=\u00a0\u00bbds-advent-6-text-hide\u00a0\u00bb _builder_version=\u00a0\u00bb3.21.4&Prime; text_font=\u00a0\u00bb|300|||||||\u00a0\u00bb text_font_size=\u00a0\u00bb20px\u00a0\u00bb text_font_size_phone=\u00a0\u00bb16px\u00a0\u00bb text_font_size_last_edited=\u00a0\u00bbon|phone\u00a0\u00bb text_line_height=\u00a0\u00bb1em\u00a0\u00bb header_3_font=\u00a0\u00bbRoboto|||on|||||\u00a0\u00bb header_3_font_size=\u00a0\u00bb30px\u00a0\u00bb header_3_font_size_phone=\u00a0\u00bb22px\u00a0\u00bb header_3_font_size_last_edited=\u00a0\u00bbon|desktop\u00a0\u00bb use_background_color_gradient=\u00a0\u00bbon\u00a0\u00bb background_color_gradient_start=\u00a0\u00bbrgba(121,54,115,0.53)\u00a0\u00bb background_color_gradient_end=\u00a0\u00bbrgba(121,54,115,0.53)\u00a0\u00bb background_color_gradient_direction=\u00a0\u00bb90deg\u00a0\u00bb text_orientation=\u00a0\u00bbcenter\u00a0\u00bb background_layout=\u00a0\u00bbdark\u00a0\u00bb module_alignment=\u00a0\u00bbcenter\u00a0\u00bb custom_padding=\u00a0\u00bb20px|20px|20px|20px\u00a0\u00bb link_option_url=\u00a0\u00bbhttps:\/\/www.casavacanzemoresco.com\/fr\/appartements-ceriale\/appartements-de-deux-pieces\/front-mer\/\u00a0\u00bb]<\/p>\n<h3>VUE FRONTALE SUR LA MER<\/h3>\n<p>[\/et_pb_text][\/et_pb_column][et_pb_column type=\u00a0\u00bb1_2&Prime; _builder_version=\u00a0\u00bb3.0.47&Prime;][et_pb_image src=\u00a0\u00bbhttps:\/\/www.casavacanzemoresco.com\/wp-content\/uploads\/2019\/03\/bilocale-moresco-vista-mare-laterale-1.jpg\u00a0\u00bb url=\u00a0\u00bbhttps:\/\/www.casavacanzemoresco.com\/fr\/appartements-ceriale\/appartements-de-deux-pieces\/vue-laterale-sur-la-mer\/\u00a0\u00bb show_bottom_space=\u00a0\u00bboff\u00a0\u00bb force_fullwidth=\u00a0\u00bbon\u00a0\u00bb _builder_version=\u00a0\u00bb3.21.4&Prime;]<br \/>\n[\/et_pb_image][et_pb_text admin_label=\u00a0\u00bb\u00e9tage de la r\u00e9ception\u00a0\u00bb module_class=\u00a0\u00bbds-advent-6-text-hide\u00a0\u00bb _builder_version=\u00a0\u00bb3.21.4&Prime; text_font=\u00a0\u00bb|300|||||||\u00a0\u00bb text_font_size=\u00a0\u00bb20px\u00a0\u00bb text_font_size_phone=\u00a0\u00bb16px\u00a0\u00bb text_font_size_last_edited=\u00a0\u00bbon|desktop\u00a0\u00bb text_line_height=\u00a0\u00bb1em\u00a0\u00bb header_3_font=\u00a0\u00bbRoboto|||on|||||\u00a0\u00bb header_3_font_size=\u00a0\u00bb30px\u00a0\u00bb header_3_font_size_phone=\u00a0\u00bb22px\u00a0\u00bb header_3_font_size_last_edited=\u00a0\u00bbon|desktop\u00a0\u00bb use_background_color_gradient=\u00a0\u00bbon\u00a0\u00bb background_color_gradient_start=\u00a0\u00bbrgba(121,54,115,0.53)\u00a0\u00bb background_color_gradient_end=\u00a0\u00bbrgba(121,54,115,0.53)\u00a0\u00bb background_color_gradient_direction=\u00a0\u00bb90deg\u00a0\u00bb text_orientation=\u00a0\u00bbcenter\u00a0\u00bb background_layout=\u00a0\u00bbdark\u00a0\u00bb module_alignment=\u00a0\u00bbcenter\u00a0\u00bb custom_padding=\u00a0\u00bb20px|20px|20px|20px\u00a0\u00bb link_option_url=\u00a0\u00bbhttps:\/\/www.casavacanzemoresco.com\/fr\/appartements-ceriale\/appartements-de-deux-pieces\/vue-laterale-sur-la-mer\/\u00a0\u00bb]<\/p>\n<h3>VUE LAT\u00c9RALE SUR LA MER<\/h3>\n<p>[\/et_pb_text][\/et_pb_column][\/et_pb_row][\/et_pb_section][et_pb_section fb_built=\u00a0\u00bb1&Prime; custom_padding_last_edited=\u00a0\u00bbon|desktop\u00a0\u00bb disabled_on=\u00a0\u00bboff|off|off\u00a0\u00bb _builder_version=\u00a0\u00bb3.19.18&Prime; background_color=\u00a0\u00bb#f7f7f7&Prime; custom_margin=\u00a0\u00bb0px|||\u00a0\u00bb custom_padding=\u00a0\u00bb0px|||\u00a0\u00bb custom_padding_tablet=\u00a0\u00bb50px||50px|\u00a0\u00bb custom_padding_phone=\u00a0\u00bb0px||\u00a0\u00bb animation_style=\u00a0\u00bbslide\u00a0\u00bb animation_direction=\u00a0\u00bbbottom\u00a0\u00bb animation_intensity_slide=\u00a0\u00bb10%\u00a0\u00bb][et_pb_row custom_width_px=\u00a0\u00bb1300px\u00a0\u00bb use_custom_gutter=\u00a0\u00bbon\u00a0\u00bb gutter_width=\u00a0\u00bb2&Prime; custom_padding=\u00a0\u00bb0px||0px\u00a0\u00bb custom_margin=\u00a0\u00bb0px||0px\u00a0\u00bb _builder_version=\u00a0\u00bb3.19.4&Prime;][et_pb_column type=\u00a0\u00bb1_2&Prime; _builder_version=\u00a0\u00bb3.0.47&Prime;][et_pb_image src=\u00a0\u00bbhttps:\/\/www.casavacanzemoresco.com\/wp-content\/uploads\/2019\/03\/bilocale-moresco-vista-monte.jpg\u00a0\u00bb url=\u00a0\u00bbhttps:\/\/www.casavacanzemoresco.com\/fr\/appartements-ceriale\/appartements-de-deux-pieces\/cote-du-mont\/\u00a0\u00bb show_bottom_space=\u00a0\u00bboff\u00a0\u00bb force_fullwidth=\u00a0\u00bbon\u00a0\u00bb _builder_version=\u00a0\u00bb3.21.4&Prime;]<br \/>\n[\/et_pb_image][et_pb_text admin_label=\u00a0\u00bbvue sur la mer.\u00a0\u00bb module_class=\u00a0\u00bbds-advent-6-text-hide\u00a0\u00bb _builder_version=\u00a0\u00bb3.21.4&Prime; text_font=\u00a0\u00bb|300|||||||\u00a0\u00bb text_font_size=\u00a0\u00bb20px\u00a0\u00bb text_font_size_phone=\u00a0\u00bb16px\u00a0\u00bb text_font_size_last_edited=\u00a0\u00bbon|phone\u00a0\u00bb text_line_height=\u00a0\u00bb1em\u00a0\u00bb header_3_font=\u00a0\u00bbRoboto|||on|||||\u00a0\u00bb header_3_font_size=\u00a0\u00bb30px\u00a0\u00bb header_3_font_size_phone=\u00a0\u00bb22px\u00a0\u00bb header_3_font_size_last_edited=\u00a0\u00bbon|desktop\u00a0\u00bb use_background_color_gradient=\u00a0\u00bbon\u00a0\u00bb background_color_gradient_start=\u00a0\u00bbrgba(121,54,115,0.53)\u00a0\u00bb background_color_gradient_end=\u00a0\u00bbrgba(121,54,115,0.53)\u00a0\u00bb background_color_gradient_direction=\u00a0\u00bb90deg\u00a0\u00bb text_orientation=\u00a0\u00bbcenter\u00a0\u00bb background_layout=\u00a0\u00bbdark\u00a0\u00bb module_alignment=\u00a0\u00bbcenter\u00a0\u00bb custom_padding=\u00a0\u00bb20px|20px|20px|20px\u00a0\u00bb link_option_url=\u00a0\u00bbhttps:\/\/www.casavacanzemoresco.com\/fr\/appartements-ceriale\/appartements-de-deux-pieces\/cote-du-mont\/\u00a0\u00bb]<\/p>\n<h3>C\u00f4t\u00e9 du mont<\/h3>\n<p>[\/et_pb_text][\/et_pb_column][et_pb_column type=\u00a0\u00bb1_2&Prime; _builder_version=\u00a0\u00bb3.0.47&Prime;][et_pb_image src=\u00a0\u00bbhttps:\/\/www.casavacanzemoresco.com\/wp-content\/uploads\/2019\/03\/bilocale-moresco-piano-reception.jpg\u00a0\u00bb url=\u00a0\u00bbhttps:\/\/www.casavacanzemoresco.com\/fr\/appartements-ceriale\/appartements-de-deux-pieces\/etage-reception\/\u00a0\u00bb show_bottom_space=\u00a0\u00bboff\u00a0\u00bb force_fullwidth=\u00a0\u00bbon\u00a0\u00bb _builder_version=\u00a0\u00bb3.21.4&Prime;]<br \/>\n[\/et_pb_image][et_pb_text admin_label=\u00a0\u00bb\u00e9tage de la r\u00e9ception\u00a0\u00bb module_class=\u00a0\u00bbds-advent-6-text-hide\u00a0\u00bb _builder_version=\u00a0\u00bb3.21.4&Prime; text_font=\u00a0\u00bb|300|||||||\u00a0\u00bb text_font_size=\u00a0\u00bb20px\u00a0\u00bb text_font_size_phone=\u00a0\u00bb16px\u00a0\u00bb text_font_size_last_edited=\u00a0\u00bbon|desktop\u00a0\u00bb text_line_height=\u00a0\u00bb1em\u00a0\u00bb header_3_font=\u00a0\u00bbRoboto|||on|||||\u00a0\u00bb header_3_font_size=\u00a0\u00bb30px\u00a0\u00bb header_3_font_size_phone=\u00a0\u00bb22px\u00a0\u00bb header_3_font_size_last_edited=\u00a0\u00bbon|desktop\u00a0\u00bb use_background_color_gradient=\u00a0\u00bbon\u00a0\u00bb background_color_gradient_start=\u00a0\u00bbrgba(121,54,115,0.53)\u00a0\u00bb background_color_gradient_end=\u00a0\u00bbrgba(121,54,115,0.53)\u00a0\u00bb background_color_gradient_direction=\u00a0\u00bb90deg\u00a0\u00bb text_orientation=\u00a0\u00bbcenter\u00a0\u00bb background_layout=\u00a0\u00bbdark\u00a0\u00bb module_alignment=\u00a0\u00bbcenter\u00a0\u00bb custom_padding=\u00a0\u00bb20px|20px|20px|20px\u00a0\u00bb link_option_url=\u00a0\u00bbhttps:\/\/www.casavacanzemoresco.com\/fr\/appartements-ceriale\/appartements-de-deux-pieces\/etage-reception\/\u00a0\u00bb]<\/p>\n<h3>\u00c9TAGE DE LA  R\u00c9CEPTION<\/h3>\n<p>[\/et_pb_text][\/et_pb_column][\/et_pb_row][\/et_pb_section][et_pb_section fb_built=\u00a0\u00bb1&Prime; disabled_on=\u00a0\u00bb||on\u00a0\u00bb _builder_version=\u00a0\u00bb3.18.8&Prime; custom_margin=\u00a0\u00bb0px||0px|\u00a0\u00bb custom_padding=\u00a0\u00bb0px||0px|\u00a0\u00bb custom_css_main_element=\u00a0\u00bbz-index:99999;\u00a0\u00bb][et_pb_row custom_padding=\u00a0\u00bb0px||0px\u00a0\u00bb custom_margin=\u00a0\u00bb0px||0px\u00a0\u00bb admin_label=\u00a0\u00bbrighe book e tel mobile\u00a0\u00bb _builder_version=\u00a0\u00bb3.18.8&Prime;][et_pb_column type=\u00a0\u00bb4_4&Prime; _builder_version=\u00a0\u00bb3.0.47&Prime;][et_pb_code disabled_on=\u00a0\u00bboff|off|off\u00a0\u00bb admin_label=\u00a0\u00bbcodice book now mobile\u00a0\u00bb _builder_version=\u00a0\u00bb3.19.12&Prime;]<a href=\"https:\/\/www.casavacanzemoresco.com\/book-now\/\"><\/p>\n<div id=\"booknow\">BOOK NOW <img decoding=\"async\" src=\"https:\/\/www.casavacanzemoresco.com\/wp-content\/uploads\/2019\/02\/meilleur-prix-garanti.png\" width=\"150px\" style=\"vertical-align:middle;\"><\/div>\n<p><\/a>[\/et_pb_code][et_pb_code disabled_on=\u00a0\u00bboff|off|off\u00a0\u00bb admin_label=\u00a0\u00bbcodice telefono mobile\u00a0\u00bb _builder_version=\u00a0\u00bb3.18.8&Prime;]<a href=\"tel:+390182930020\"><\/p>\n<div id=\"telmob\"><img decoding=\"async\" src=\"https:\/\/www.casavacanzemoresco.com\/wp-content\/uploads\/2018\/12\/telefono-cellulare.png\" width=\"25px\"><\/div>\n<p><\/a>[\/et_pb_code][\/et_pb_column][\/et_pb_row][\/et_pb_section]<\/p>\n","protected":false},"excerpt":{"rendered":"<p>VUE FRONTALE SUR LA MER VUE LAT\u00c9RALE SUR LA MER C\u00f4t\u00e9 du mont \u00c9TAGE DE LA R\u00c9CEPTION<\/p>\n","protected":false},"author":1,"featured_media":0,"parent":206579,"menu_order":0,"comment_status":"closed","ping_status":"closed","template":"","meta":{"_et_pb_use_builder":"on","_et_pb_old_content":"","_et_gb_content_width":"","footnotes":""},"class_list":["post-206593","page","type-page","status-publish","hentry"],"yoast_head":"<!-- This site is optimized with the Yoast SEO plugin v27.4 - https:\/\/yoast.com\/product\/yoast-seo-wordpress\/ -->\n<title>Appartements de deux pi\u00e8ces | Residence Moresco<\/title>\n<meta name=\"robots\" content=\"index, follow, max-snippet:-1, max-image-preview:large, max-video-preview:-1\" \/>\n<link rel=\"canonical\" href=\"https:\/\/www.casavacanzemoresco.com\/fr\/appartements-ceriale\/appartements-de-deux-pieces\/\" \/>\n<meta property=\"og:locale\" content=\"fr_FR\" \/>\n<meta property=\"og:type\" content=\"article\" \/>\n<meta property=\"og:title\" content=\"Appartements de deux pi\u00e8ces | Residence Moresco\" \/>\n<meta property=\"og:description\" content=\"VUE FRONTALE SUR LA MER VUE LAT\u00c9RALE SUR LA MER C\u00f4t\u00e9 du mont \u00c9TAGE DE LA R\u00c9CEPTION\" \/>\n<meta property=\"og:url\" content=\"https:\/\/www.casavacanzemoresco.com\/fr\/appartements-ceriale\/appartements-de-deux-pieces\/\" \/>\n<meta property=\"og:site_name\" content=\"Residence Moresco\" \/>\n<meta property=\"article:modified_time\" content=\"2019-04-12T07:48:47+00:00\" \/>\n<meta property=\"og:image\" content=\"https:\/\/www.casavacanzemoresco.com\/wp-content\/uploads\/2019\/02\/meilleur-prix-garanti.png\" \/>\n<meta name=\"twitter:card\" content=\"summary_large_image\" \/>\n<meta name=\"twitter:label1\" content=\"Dur\u00e9e de lecture estim\u00e9e\" \/>\n\t<meta name=\"twitter:data1\" content=\"4 minutes\" \/>\n<script type=\"application\/ld+json\" class=\"yoast-schema-graph\">{\"@context\":\"https:\\\/\\\/schema.org\",\"@graph\":[{\"@type\":\"WebPage\",\"@id\":\"https:\\\/\\\/www.casavacanzemoresco.com\\\/fr\\\/appartements-ceriale\\\/appartements-de-deux-pieces\\\/\",\"url\":\"https:\\\/\\\/www.casavacanzemoresco.com\\\/fr\\\/appartements-ceriale\\\/appartements-de-deux-pieces\\\/\",\"name\":\"Appartements de deux pi\u00e8ces | Residence Moresco\",\"isPartOf\":{\"@id\":\"https:\\\/\\\/www.casavacanzemoresco.com\\\/#website\"},\"primaryImageOfPage\":{\"@id\":\"https:\\\/\\\/www.casavacanzemoresco.com\\\/fr\\\/appartements-ceriale\\\/appartements-de-deux-pieces\\\/#primaryimage\"},\"image\":{\"@id\":\"https:\\\/\\\/www.casavacanzemoresco.com\\\/fr\\\/appartements-ceriale\\\/appartements-de-deux-pieces\\\/#primaryimage\"},\"thumbnailUrl\":\"https:\\\/\\\/www.casavacanzemoresco.com\\\/wp-content\\\/uploads\\\/2019\\\/02\\\/meilleur-prix-garanti.png\",\"datePublished\":\"2018-10-31T14:56:22+00:00\",\"dateModified\":\"2019-04-12T07:48:47+00:00\",\"breadcrumb\":{\"@id\":\"https:\\\/\\\/www.casavacanzemoresco.com\\\/fr\\\/appartements-ceriale\\\/appartements-de-deux-pieces\\\/#breadcrumb\"},\"inLanguage\":\"fr-FR\",\"potentialAction\":[{\"@type\":\"ReadAction\",\"target\":[\"https:\\\/\\\/www.casavacanzemoresco.com\\\/fr\\\/appartements-ceriale\\\/appartements-de-deux-pieces\\\/\"]}]},{\"@type\":\"ImageObject\",\"inLanguage\":\"fr-FR\",\"@id\":\"https:\\\/\\\/www.casavacanzemoresco.com\\\/fr\\\/appartements-ceriale\\\/appartements-de-deux-pieces\\\/#primaryimage\",\"url\":\"https:\\\/\\\/www.casavacanzemoresco.com\\\/wp-content\\\/uploads\\\/2019\\\/02\\\/meilleur-prix-garanti.png\",\"contentUrl\":\"https:\\\/\\\/www.casavacanzemoresco.com\\\/wp-content\\\/uploads\\\/2019\\\/02\\\/meilleur-prix-garanti.png\"},{\"@type\":\"BreadcrumbList\",\"@id\":\"https:\\\/\\\/www.casavacanzemoresco.com\\\/fr\\\/appartements-ceriale\\\/appartements-de-deux-pieces\\\/#breadcrumb\",\"itemListElement\":[{\"@type\":\"ListItem\",\"position\":1,\"name\":\"Home\",\"item\":\"https:\\\/\\\/www.casavacanzemoresco.com\\\/fr\\\/\"},{\"@type\":\"ListItem\",\"position\":2,\"name\":\"Appartements\",\"item\":\"https:\\\/\\\/www.casavacanzemoresco.com\\\/fr\\\/appartements-ceriale\\\/\"},{\"@type\":\"ListItem\",\"position\":3,\"name\":\"Appartements de deux pi\u00e8ces\"}]},{\"@type\":\"WebSite\",\"@id\":\"https:\\\/\\\/www.casavacanzemoresco.com\\\/#website\",\"url\":\"https:\\\/\\\/www.casavacanzemoresco.com\\\/\",\"name\":\"Residence Moresco\",\"description\":\"Casa vacanza Liguria fronte mare\",\"publisher\":{\"@id\":\"https:\\\/\\\/www.casavacanzemoresco.com\\\/#organization\"},\"potentialAction\":[{\"@type\":\"SearchAction\",\"target\":{\"@type\":\"EntryPoint\",\"urlTemplate\":\"https:\\\/\\\/www.casavacanzemoresco.com\\\/?s={search_term_string}\"},\"query-input\":{\"@type\":\"PropertyValueSpecification\",\"valueRequired\":true,\"valueName\":\"search_term_string\"}}],\"inLanguage\":\"fr-FR\"},{\"@type\":\"Organization\",\"@id\":\"https:\\\/\\\/www.casavacanzemoresco.com\\\/#organization\",\"name\":\"Casa Vacanze Moresco\",\"url\":\"https:\\\/\\\/www.casavacanzemoresco.com\\\/\",\"logo\":{\"@type\":\"ImageObject\",\"inLanguage\":\"fr-FR\",\"@id\":\"https:\\\/\\\/www.casavacanzemoresco.com\\\/#\\\/schema\\\/logo\\\/image\\\/\",\"url\":\"https:\\\/\\\/www.casavacanzemoresco.com\\\/wp-content\\\/uploads\\\/2018\\\/10\\\/logo-residence-moresco.png\",\"contentUrl\":\"https:\\\/\\\/www.casavacanzemoresco.com\\\/wp-content\\\/uploads\\\/2018\\\/10\\\/logo-residence-moresco.png\",\"width\":756,\"height\":270,\"caption\":\"Casa Vacanze Moresco\"},\"image\":{\"@id\":\"https:\\\/\\\/www.casavacanzemoresco.com\\\/#\\\/schema\\\/logo\\\/image\\\/\"}}]}<\/script>\n<!-- \/ Yoast SEO plugin. -->","yoast_head_json":{"title":"Appartements de deux pi\u00e8ces | Residence Moresco","robots":{"index":"index","follow":"follow","max-snippet":"max-snippet:-1","max-image-preview":"max-image-preview:large","max-video-preview":"max-video-preview:-1"},"canonical":"https:\/\/www.casavacanzemoresco.com\/fr\/appartements-ceriale\/appartements-de-deux-pieces\/","og_locale":"fr_FR","og_type":"article","og_title":"Appartements de deux pi\u00e8ces | Residence Moresco","og_description":"VUE FRONTALE SUR LA MER VUE LAT\u00c9RALE SUR LA MER C\u00f4t\u00e9 du mont \u00c9TAGE DE LA R\u00c9CEPTION","og_url":"https:\/\/www.casavacanzemoresco.com\/fr\/appartements-ceriale\/appartements-de-deux-pieces\/","og_site_name":"Residence Moresco","article_modified_time":"2019-04-12T07:48:47+00:00","og_image":[{"url":"https:\/\/www.casavacanzemoresco.com\/wp-content\/uploads\/2019\/02\/meilleur-prix-garanti.png","type":"","width":"","height":""}],"twitter_card":"summary_large_image","twitter_misc":{"Dur\u00e9e de lecture estim\u00e9e":"4 minutes"},"schema":{"@context":"https:\/\/schema.org","@graph":[{"@type":"WebPage","@id":"https:\/\/www.casavacanzemoresco.com\/fr\/appartements-ceriale\/appartements-de-deux-pieces\/","url":"https:\/\/www.casavacanzemoresco.com\/fr\/appartements-ceriale\/appartements-de-deux-pieces\/","name":"Appartements de deux pi\u00e8ces | Residence Moresco","isPartOf":{"@id":"https:\/\/www.casavacanzemoresco.com\/#website"},"primaryImageOfPage":{"@id":"https:\/\/www.casavacanzemoresco.com\/fr\/appartements-ceriale\/appartements-de-deux-pieces\/#primaryimage"},"image":{"@id":"https:\/\/www.casavacanzemoresco.com\/fr\/appartements-ceriale\/appartements-de-deux-pieces\/#primaryimage"},"thumbnailUrl":"https:\/\/www.casavacanzemoresco.com\/wp-content\/uploads\/2019\/02\/meilleur-prix-garanti.png","datePublished":"2018-10-31T14:56:22+00:00","dateModified":"2019-04-12T07:48:47+00:00","breadcrumb":{"@id":"https:\/\/www.casavacanzemoresco.com\/fr\/appartements-ceriale\/appartements-de-deux-pieces\/#breadcrumb"},"inLanguage":"fr-FR","potentialAction":[{"@type":"ReadAction","target":["https:\/\/www.casavacanzemoresco.com\/fr\/appartements-ceriale\/appartements-de-deux-pieces\/"]}]},{"@type":"ImageObject","inLanguage":"fr-FR","@id":"https:\/\/www.casavacanzemoresco.com\/fr\/appartements-ceriale\/appartements-de-deux-pieces\/#primaryimage","url":"https:\/\/www.casavacanzemoresco.com\/wp-content\/uploads\/2019\/02\/meilleur-prix-garanti.png","contentUrl":"https:\/\/www.casavacanzemoresco.com\/wp-content\/uploads\/2019\/02\/meilleur-prix-garanti.png"},{"@type":"BreadcrumbList","@id":"https:\/\/www.casavacanzemoresco.com\/fr\/appartements-ceriale\/appartements-de-deux-pieces\/#breadcrumb","itemListElement":[{"@type":"ListItem","position":1,"name":"Home","item":"https:\/\/www.casavacanzemoresco.com\/fr\/"},{"@type":"ListItem","position":2,"name":"Appartements","item":"https:\/\/www.casavacanzemoresco.com\/fr\/appartements-ceriale\/"},{"@type":"ListItem","position":3,"name":"Appartements de deux pi\u00e8ces"}]},{"@type":"WebSite","@id":"https:\/\/www.casavacanzemoresco.com\/#website","url":"https:\/\/www.casavacanzemoresco.com\/","name":"Residence Moresco","description":"Casa vacanza Liguria fronte mare","publisher":{"@id":"https:\/\/www.casavacanzemoresco.com\/#organization"},"potentialAction":[{"@type":"SearchAction","target":{"@type":"EntryPoint","urlTemplate":"https:\/\/www.casavacanzemoresco.com\/?s={search_term_string}"},"query-input":{"@type":"PropertyValueSpecification","valueRequired":true,"valueName":"search_term_string"}}],"inLanguage":"fr-FR"},{"@type":"Organization","@id":"https:\/\/www.casavacanzemoresco.com\/#organization","name":"Casa Vacanze Moresco","url":"https:\/\/www.casavacanzemoresco.com\/","logo":{"@type":"ImageObject","inLanguage":"fr-FR","@id":"https:\/\/www.casavacanzemoresco.com\/#\/schema\/logo\/image\/","url":"https:\/\/www.casavacanzemoresco.com\/wp-content\/uploads\/2018\/10\/logo-residence-moresco.png","contentUrl":"https:\/\/www.casavacanzemoresco.com\/wp-content\/uploads\/2018\/10\/logo-residence-moresco.png","width":756,"height":270,"caption":"Casa Vacanze Moresco"},"image":{"@id":"https:\/\/www.casavacanzemoresco.com\/#\/schema\/logo\/image\/"}}]}},"_links":{"self":[{"href":"https:\/\/www.casavacanzemoresco.com\/fr\/wp-json\/wp\/v2\/pages\/206593","targetHints":{"allow":["GET"]}}],"collection":[{"href":"https:\/\/www.casavacanzemoresco.com\/fr\/wp-json\/wp\/v2\/pages"}],"about":[{"href":"https:\/\/www.casavacanzemoresco.com\/fr\/wp-json\/wp\/v2\/types\/page"}],"author":[{"embeddable":true,"href":"https:\/\/www.casavacanzemoresco.com\/fr\/wp-json\/wp\/v2\/users\/1"}],"replies":[{"embeddable":true,"href":"https:\/\/www.casavacanzemoresco.com\/fr\/wp-json\/wp\/v2\/comments?post=206593"}],"version-history":[{"count":14,"href":"https:\/\/www.casavacanzemoresco.com\/fr\/wp-json\/wp\/v2\/pages\/206593\/revisions"}],"predecessor-version":[{"id":208630,"href":"https:\/\/www.casavacanzemoresco.com\/fr\/wp-json\/wp\/v2\/pages\/206593\/revisions\/208630"}],"up":[{"embeddable":true,"href":"https:\/\/www.casavacanzemoresco.com\/fr\/wp-json\/wp\/v2\/pages\/206579"}],"wp:attachment":[{"href":"https:\/\/www.casavacanzemoresco.com\/fr\/wp-json\/wp\/v2\/media?parent=206593"}],"curies":[{"name":"wp","href":"https:\/\/api.w.org\/{rel}","templated":true}]}}