{"id":206650,"date":"2018-12-12T08:48:54","date_gmt":"2018-12-12T08:48:54","guid":{"rendered":"https:\/\/www.casavacanzemoresco.com\/merci-contacts\/"},"modified":"2019-05-22T16:22:46","modified_gmt":"2019-05-22T16:22:46","slug":"danke-kontakte","status":"publish","type":"page","link":"https:\/\/www.casavacanzemoresco.com\/de\/danke-kontakte\/","title":{"rendered":"Danke"},"content":{"rendered":"<p>[et_pb_section fb_built=&#8220;1&#8243; _builder_version=&#8220;3.22.3&#8243; background_color=&#8220;#f9f9f9&#8243;][et_pb_row _builder_version=&#8220;3.22.3&#8243;][et_pb_column type=&#8220;4_4&#8243; _builder_version=&#8220;3.0.47&#8243;][et_pb_text _builder_version=&#8220;3.22.7&#8243; text_font=&#8220;|300|||||||&#8220;]<\/p>\n<h1>Danke!<\/h1>\n<p>Vielen Dank f\u00fcr Ihre Kontaktaufnahme. Wir werden so schnell wie m\u00f6glich antworten.<br \/>\nBleiben Sie bei uns, kehren Sie zur Homepage der Website zur\u00fcck und setzen Sie das Surfen fort[\/et_pb_text][\/et_pb_column][\/et_pb_row][et_pb_row custom_padding=&#8220;0px||&#8220; custom_margin=&#8220;0px||&#8220; _builder_version=&#8220;3.22.3&#8243;][et_pb_column type=&#8220;1_2&#8243; _builder_version=&#8220;3.0.47&#8243;][et_pb_button button_url=&#8220;https:\/\/www.casavacanzemoresco.com\/de\/&#8220; button_text=&#8220;Homepage&#8220; _builder_version=&#8220;3.22.7&#8243;][\/et_pb_button][\/et_pb_column][et_pb_column type=&#8220;1_2&#8243; _builder_version=&#8220;3.0.47&#8243;][\/et_pb_column][\/et_pb_row][\/et_pb_section][et_pb_section fb_built=&#8220;1&#8243; custom_padding_last_edited=&#8220;on|desktop&#8220; _builder_version=&#8220;3.22.3&#8243; custom_margin=&#8220;|||&#8220; custom_padding=&#8220;60px||175px||false|false&#8220; custom_padding_tablet=&#8220;50px||50px|&#8220; animation_style=&#8220;slide&#8220; animation_direction=&#8220;bottom&#8220; animation_intensity_slide=&#8220;10%&#8220;][et_pb_row custom_padding=&#8220;27px|0px|60px|0px|false|false&#8220; _builder_version=&#8220;3.22.3&#8243;][et_pb_column type=&#8220;4_4&#8243; _builder_version=&#8220;3.0.47&#8243;][et_pb_text admin_label=&#8220;Unsere Wohnungen&#8220; _builder_version=&#8220;3.19.11&#8243; text_text_color=&#8220;#aa0956&#8243; text_font_size=&#8220;35px&#8220; text_font_size_tablet=&#8220;24px&#8220; text_font_size_last_edited=&#8220;on|tablet&#8220; text_line_height=&#8220;1.4em&#8220; header_font=&#8220;Roboto||||||||&#8220; header_text_color=&#8220;#aa0956&#8243; header_line_height=&#8220;1.1em&#8220; header_2_font=&#8220;|700|||||||&#8220; header_2_text_color=&#8220;#b265ae&#8220; header_2_font_size=&#8220;35px&#8220; text_orientation=&#8220;center&#8220; custom_margin=&#8220;|||&#8220; custom_padding=&#8220;|||&#8220;]Unsere Wohnungen<br \/>\n[\/et_pb_text][\/et_pb_column][\/et_pb_row][et_pb_row use_custom_gutter=&#8220;on&#8220; gutter_width=&#8220;2&#8243; custom_padding=&#8220;0px||0px&#8220; custom_margin=&#8220;0px||0px&#8220; module_class=&#8220; et_pb_row_fullwidth&#8220; _builder_version=&#8220;3.22.3&#8243; width=&#8220;94%&#8220; width_tablet=&#8220;80%&#8220; width_last_edited=&#8220;on|desktop&#8220; max_width=&#8220;94%&#8220; max_width_tablet=&#8220;80%&#8220; max_width_last_edited=&#8220;on|desktop&#8220; make_fullwidth=&#8220;on&#8220; custom_width_px=&#8220;1300px&#8220;][et_pb_column type=&#8220;1_3&#8243; _builder_version=&#8220;3.0.47&#8243;][et_pb_image src=&#8220;https:\/\/www.casavacanzemoresco.com\/wp-content\/uploads\/2018\/11\/monolocale-ceriale-moresco.jpg&#8220; url=&#8220;https:\/\/www.casavacanzemoresco.com\/appartamenti-ceriale\/monolocale-ceriale\/&#8220; show_bottom_space=&#8220;off&#8220; force_fullwidth=&#8220;on&#8220; _builder_version=&#8220;3.17.6&#8243;][\/et_pb_image][et_pb_text admin_label=&#8220;1-Zimmer-Appartements&#8220; module_class=&#8220;ds-advent-6-text-hide&#8220; _builder_version=&#8220;3.19.11&#8243; text_font=&#8220;|300|||||||&#8220; text_font_size=&#8220;20px&#8220; text_font_size_phone=&#8220;16px&#8220; text_font_size_last_edited=&#8220;on|desktop&#8220; text_line_height=&#8220;1em&#8220; header_3_font=&#8220;Roboto|||on|||||&#8220; header_3_font_size=&#8220;30px&#8220; header_3_font_size_phone=&#8220;22px&#8220; header_3_font_size_last_edited=&#8220;on|desktop&#8220; use_background_color_gradient=&#8220;on&#8220; background_color_gradient_start=&#8220;rgba(121,54,115,0.53)&#8220; background_color_gradient_end=&#8220;rgba(121,54,115,0.53)&#8220; background_color_gradient_direction=&#8220;90deg&#8220; text_orientation=&#8220;center&#8220; background_layout=&#8220;dark&#8220; module_alignment=&#8220;center&#8220; custom_padding=&#8220;20px|20px|20px|20px&#8220; link_option_url=&#8220;https:\/\/www.casavacanzemoresco.com\/appartamenti-ceriale\/monolocale-ceriale\/&#8220;]<\/p>\n<h3>1-Zimmer-Appartements<\/h3>\n<p><img decoding=\"async\" src=\"https:\/\/www.casavacanzemoresco.com\/wp-content\/uploads\/2018\/11\/persone-per-appartamento.png\" alt=\"\" width=\"15\"> 3 personen &#8211; <img decoding=\"async\" src=\"https:\/\/www.casavacanzemoresco.com\/wp-content\/uploads\/2018\/11\/mq.png\" alt=\"\" width=\"15\"> 30 m\u00b2<br \/>\n[\/et_pb_text][\/et_pb_column][et_pb_column type=&#8220;1_3&#8243; _builder_version=&#8220;3.0.47&#8243;][et_pb_image src=&#8220;https:\/\/www.casavacanzemoresco.com\/wp-content\/uploads\/2018\/11\/bilocale-ceriale-moresco.jpg&#8220; url=&#8220;https:\/\/www.casavacanzemoresco.com\/appartamenti-ceriale\/bilocale-ceriale\/&#8220; show_bottom_space=&#8220;off&#8220; force_fullwidth=&#8220;on&#8220; _builder_version=&#8220;3.17.6&#8243;][\/et_pb_image][et_pb_text admin_label=&#8220;2-Zimmer-Appartements&#8220; module_class=&#8220;ds-advent-6-text-hide&#8220; _builder_version=&#8220;3.19.11&#8243; text_font=&#8220;|300|||||||&#8220; text_font_size=&#8220;20px&#8220; text_font_size_phone=&#8220;16px&#8220; text_font_size_last_edited=&#8220;on|phone&#8220; text_line_height=&#8220;1em&#8220; header_3_font=&#8220;Roboto|||on|||||&#8220; header_3_font_size=&#8220;30px&#8220; header_3_font_size_phone=&#8220;22px&#8220; header_3_font_size_last_edited=&#8220;on|desktop&#8220; use_background_color_gradient=&#8220;on&#8220; background_color_gradient_start=&#8220;rgba(121,54,115,0.53)&#8220; background_color_gradient_end=&#8220;rgba(121,54,115,0.53)&#8220; background_color_gradient_direction=&#8220;90deg&#8220; text_orientation=&#8220;center&#8220; background_layout=&#8220;dark&#8220; module_alignment=&#8220;center&#8220; custom_padding=&#8220;20px|20px|20px|20px&#8220; link_option_url=&#8220;https:\/\/www.casavacanzemoresco.com\/appartamenti-ceriale\/bilocale-ceriale\/&#8220;]<\/p>\n<h3>2-Zimmer-Appartements<\/h3>\n<p><img decoding=\"async\" src=\"https:\/\/www.casavacanzemoresco.com\/wp-content\/uploads\/2018\/11\/persone-per-appartamento.png\" alt=\"\" width=\"15\"> 4 personen &#8211; <img decoding=\"async\" src=\"https:\/\/www.casavacanzemoresco.com\/wp-content\/uploads\/2018\/11\/mq.png\" alt=\"\" width=\"15\"> 39\/45 m\u00b2<br \/>\n[\/et_pb_text][\/et_pb_column][et_pb_column type=&#8220;1_3&#8243; _builder_version=&#8220;3.0.47&#8243;][et_pb_image src=&#8220;https:\/\/www.casavacanzemoresco.com\/wp-content\/uploads\/2018\/11\/trilocale-ceriale-moresco.jpg&#8220; url=&#8220;https:\/\/www.casavacanzemoresco.com\/appartamenti-ceriale\/appartamento-trilocale\/&#8220; show_bottom_space=&#8220;off&#8220; force_fullwidth=&#8220;on&#8220; _builder_version=&#8220;3.17.6&#8243;][\/et_pb_image][et_pb_text admin_label=&#8220;3-Zimmer-Appartements&#8220; module_class=&#8220;ds-advent-6-text-hide&#8220; _builder_version=&#8220;3.19.11&#8243; text_font=&#8220;|300|||||||&#8220; text_font_size=&#8220;20px&#8220; text_font_size_phone=&#8220;16px&#8220; text_font_size_last_edited=&#8220;on|phone&#8220; text_line_height=&#8220;1em&#8220; header_3_font=&#8220;Roboto|||on|||||&#8220; header_3_font_size=&#8220;30px&#8220; header_3_font_size_phone=&#8220;22px&#8220; header_3_font_size_last_edited=&#8220;on|desktop&#8220; use_background_color_gradient=&#8220;on&#8220; background_color_gradient_start=&#8220;rgba(121,54,115,0.53)&#8220; background_color_gradient_end=&#8220;rgba(121,54,115,0.53)&#8220; background_color_gradient_direction=&#8220;90deg&#8220; text_orientation=&#8220;center&#8220; background_layout=&#8220;dark&#8220; module_alignment=&#8220;center&#8220; custom_padding=&#8220;20px|20px|20px|20px&#8220; link_option_url=&#8220;https:\/\/www.casavacanzemoresco.com\/appartamenti-ceriale\/appartamento-trilocale\/&#8220;]<\/p>\n<h3>3-Zimmer-Appartements<\/h3>\n<p><img decoding=\"async\" src=\"https:\/\/www.casavacanzemoresco.com\/wp-content\/uploads\/2018\/11\/persone-per-appartamento.png\" alt=\"\" width=\"15\"> 5 personen &#8211; <img decoding=\"async\" src=\"https:\/\/www.casavacanzemoresco.com\/wp-content\/uploads\/2018\/11\/mq.png\" alt=\"\" width=\"15\"> 53 m\u00b2<br \/>\n[\/et_pb_text][\/et_pb_column][\/et_pb_row][\/et_pb_section]<\/p>\n","protected":false},"excerpt":{"rendered":"<p>Danke! Vielen Dank f\u00fcr Ihre Kontaktaufnahme. Wir werden so schnell wie m\u00f6glich antworten. Bleiben Sie bei uns, kehren Sie zur Homepage der Website zur\u00fcck und setzen Sie das Surfen fortUnsere Wohnungen 1-Zimmer-Appartements 3 personen &#8211; 30 m\u00b2 2-Zimmer-Appartements 4 personen &#8211; 39\/45 m\u00b2 3-Zimmer-Appartements 5 personen &#8211; 53 m\u00b2<\/p>\n","protected":false},"author":1,"featured_media":0,"parent":0,"menu_order":0,"comment_status":"closed","ping_status":"closed","template":"","meta":{"_et_pb_use_builder":"on","_et_pb_old_content":"<!-- wp:divi\/placeholder \/-->","_et_gb_content_width":"","footnotes":""},"class_list":["post-206650","page","type-page","status-publish","hentry"],"yoast_head":"<!-- This site is optimized with the Yoast SEO plugin v27.4 - https:\/\/yoast.com\/product\/yoast-seo-wordpress\/ -->\n<title>Danke | Residence Moresco<\/title>\n<meta name=\"robots\" content=\"index, follow, max-snippet:-1, max-image-preview:large, max-video-preview:-1\" \/>\n<link rel=\"canonical\" href=\"https:\/\/www.casavacanzemoresco.com\/de\/danke-kontakte\/\" \/>\n<meta property=\"og:locale\" content=\"de_DE\" \/>\n<meta property=\"og:type\" content=\"article\" \/>\n<meta property=\"og:title\" content=\"Danke | Residence Moresco\" \/>\n<meta property=\"og:description\" content=\"Danke! Vielen Dank f\u00fcr Ihre Kontaktaufnahme. Wir werden so schnell wie m\u00f6glich antworten. Bleiben Sie bei uns, kehren Sie zur Homepage der Website zur\u00fcck und setzen Sie das Surfen fortUnsere Wohnungen 1-Zimmer-Appartements 3 personen - 30 m\u00b2 2-Zimmer-Appartements 4 personen - 39\/45 m\u00b2 3-Zimmer-Appartements 5 personen - 53 m\u00b2\" \/>\n<meta property=\"og:url\" content=\"https:\/\/www.casavacanzemoresco.com\/de\/danke-kontakte\/\" \/>\n<meta property=\"og:site_name\" content=\"Residence Moresco\" \/>\n<meta property=\"article:modified_time\" content=\"2019-05-22T16:22:46+00:00\" \/>\n<meta property=\"og:image\" content=\"https:\/\/www.casavacanzemoresco.com\/wp-content\/uploads\/2018\/11\/persone-per-appartamento.png\" \/>\n<meta name=\"twitter:card\" content=\"summary_large_image\" \/>\n<meta name=\"twitter:label1\" content=\"Gesch\u00e4tzte Lesezeit\" \/>\n\t<meta name=\"twitter:data1\" content=\"4\u00a0Minuten\" \/>\n<script type=\"application\/ld+json\" class=\"yoast-schema-graph\">{\"@context\":\"https:\\\/\\\/schema.org\",\"@graph\":[{\"@type\":\"WebPage\",\"@id\":\"https:\\\/\\\/www.casavacanzemoresco.com\\\/de\\\/danke-kontakte\\\/\",\"url\":\"https:\\\/\\\/www.casavacanzemoresco.com\\\/de\\\/danke-kontakte\\\/\",\"name\":\"Danke | Residence Moresco\",\"isPartOf\":{\"@id\":\"https:\\\/\\\/www.casavacanzemoresco.com\\\/#website\"},\"primaryImageOfPage\":{\"@id\":\"https:\\\/\\\/www.casavacanzemoresco.com\\\/de\\\/danke-kontakte\\\/#primaryimage\"},\"image\":{\"@id\":\"https:\\\/\\\/www.casavacanzemoresco.com\\\/de\\\/danke-kontakte\\\/#primaryimage\"},\"thumbnailUrl\":\"https:\\\/\\\/www.casavacanzemoresco.com\\\/wp-content\\\/uploads\\\/2018\\\/11\\\/persone-per-appartamento.png\",\"datePublished\":\"2018-12-12T08:48:54+00:00\",\"dateModified\":\"2019-05-22T16:22:46+00:00\",\"breadcrumb\":{\"@id\":\"https:\\\/\\\/www.casavacanzemoresco.com\\\/de\\\/danke-kontakte\\\/#breadcrumb\"},\"inLanguage\":\"de\",\"potentialAction\":[{\"@type\":\"ReadAction\",\"target\":[\"https:\\\/\\\/www.casavacanzemoresco.com\\\/de\\\/danke-kontakte\\\/\"]}]},{\"@type\":\"ImageObject\",\"inLanguage\":\"de\",\"@id\":\"https:\\\/\\\/www.casavacanzemoresco.com\\\/de\\\/danke-kontakte\\\/#primaryimage\",\"url\":\"https:\\\/\\\/www.casavacanzemoresco.com\\\/wp-content\\\/uploads\\\/2018\\\/11\\\/persone-per-appartamento.png\",\"contentUrl\":\"https:\\\/\\\/www.casavacanzemoresco.com\\\/wp-content\\\/uploads\\\/2018\\\/11\\\/persone-per-appartamento.png\"},{\"@type\":\"BreadcrumbList\",\"@id\":\"https:\\\/\\\/www.casavacanzemoresco.com\\\/de\\\/danke-kontakte\\\/#breadcrumb\",\"itemListElement\":[{\"@type\":\"ListItem\",\"position\":1,\"name\":\"Home\",\"item\":\"https:\\\/\\\/www.casavacanzemoresco.com\\\/de\\\/\"},{\"@type\":\"ListItem\",\"position\":2,\"name\":\"Danke\"}]},{\"@type\":\"WebSite\",\"@id\":\"https:\\\/\\\/www.casavacanzemoresco.com\\\/#website\",\"url\":\"https:\\\/\\\/www.casavacanzemoresco.com\\\/\",\"name\":\"Residence Moresco\",\"description\":\"Casa vacanza Liguria fronte mare\",\"publisher\":{\"@id\":\"https:\\\/\\\/www.casavacanzemoresco.com\\\/#organization\"},\"potentialAction\":[{\"@type\":\"SearchAction\",\"target\":{\"@type\":\"EntryPoint\",\"urlTemplate\":\"https:\\\/\\\/www.casavacanzemoresco.com\\\/?s={search_term_string}\"},\"query-input\":{\"@type\":\"PropertyValueSpecification\",\"valueRequired\":true,\"valueName\":\"search_term_string\"}}],\"inLanguage\":\"de\"},{\"@type\":\"Organization\",\"@id\":\"https:\\\/\\\/www.casavacanzemoresco.com\\\/#organization\",\"name\":\"Casa Vacanze Moresco\",\"url\":\"https:\\\/\\\/www.casavacanzemoresco.com\\\/\",\"logo\":{\"@type\":\"ImageObject\",\"inLanguage\":\"de\",\"@id\":\"https:\\\/\\\/www.casavacanzemoresco.com\\\/#\\\/schema\\\/logo\\\/image\\\/\",\"url\":\"https:\\\/\\\/www.casavacanzemoresco.com\\\/wp-content\\\/uploads\\\/2018\\\/10\\\/logo-residence-moresco.png\",\"contentUrl\":\"https:\\\/\\\/www.casavacanzemoresco.com\\\/wp-content\\\/uploads\\\/2018\\\/10\\\/logo-residence-moresco.png\",\"width\":756,\"height\":270,\"caption\":\"Casa Vacanze Moresco\"},\"image\":{\"@id\":\"https:\\\/\\\/www.casavacanzemoresco.com\\\/#\\\/schema\\\/logo\\\/image\\\/\"}}]}<\/script>\n<!-- \/ Yoast SEO plugin. -->","yoast_head_json":{"title":"Danke | Residence Moresco","robots":{"index":"index","follow":"follow","max-snippet":"max-snippet:-1","max-image-preview":"max-image-preview:large","max-video-preview":"max-video-preview:-1"},"canonical":"https:\/\/www.casavacanzemoresco.com\/de\/danke-kontakte\/","og_locale":"de_DE","og_type":"article","og_title":"Danke | Residence Moresco","og_description":"Danke! Vielen Dank f\u00fcr Ihre Kontaktaufnahme. Wir werden so schnell wie m\u00f6glich antworten. Bleiben Sie bei uns, kehren Sie zur Homepage der Website zur\u00fcck und setzen Sie das Surfen fortUnsere Wohnungen 1-Zimmer-Appartements 3 personen - 30 m\u00b2 2-Zimmer-Appartements 4 personen - 39\/45 m\u00b2 3-Zimmer-Appartements 5 personen - 53 m\u00b2","og_url":"https:\/\/www.casavacanzemoresco.com\/de\/danke-kontakte\/","og_site_name":"Residence Moresco","article_modified_time":"2019-05-22T16:22:46+00:00","og_image":[{"url":"https:\/\/www.casavacanzemoresco.com\/wp-content\/uploads\/2018\/11\/persone-per-appartamento.png","type":"","width":"","height":""}],"twitter_card":"summary_large_image","twitter_misc":{"Gesch\u00e4tzte Lesezeit":"4\u00a0Minuten"},"schema":{"@context":"https:\/\/schema.org","@graph":[{"@type":"WebPage","@id":"https:\/\/www.casavacanzemoresco.com\/de\/danke-kontakte\/","url":"https:\/\/www.casavacanzemoresco.com\/de\/danke-kontakte\/","name":"Danke | Residence Moresco","isPartOf":{"@id":"https:\/\/www.casavacanzemoresco.com\/#website"},"primaryImageOfPage":{"@id":"https:\/\/www.casavacanzemoresco.com\/de\/danke-kontakte\/#primaryimage"},"image":{"@id":"https:\/\/www.casavacanzemoresco.com\/de\/danke-kontakte\/#primaryimage"},"thumbnailUrl":"https:\/\/www.casavacanzemoresco.com\/wp-content\/uploads\/2018\/11\/persone-per-appartamento.png","datePublished":"2018-12-12T08:48:54+00:00","dateModified":"2019-05-22T16:22:46+00:00","breadcrumb":{"@id":"https:\/\/www.casavacanzemoresco.com\/de\/danke-kontakte\/#breadcrumb"},"inLanguage":"de","potentialAction":[{"@type":"ReadAction","target":["https:\/\/www.casavacanzemoresco.com\/de\/danke-kontakte\/"]}]},{"@type":"ImageObject","inLanguage":"de","@id":"https:\/\/www.casavacanzemoresco.com\/de\/danke-kontakte\/#primaryimage","url":"https:\/\/www.casavacanzemoresco.com\/wp-content\/uploads\/2018\/11\/persone-per-appartamento.png","contentUrl":"https:\/\/www.casavacanzemoresco.com\/wp-content\/uploads\/2018\/11\/persone-per-appartamento.png"},{"@type":"BreadcrumbList","@id":"https:\/\/www.casavacanzemoresco.com\/de\/danke-kontakte\/#breadcrumb","itemListElement":[{"@type":"ListItem","position":1,"name":"Home","item":"https:\/\/www.casavacanzemoresco.com\/de\/"},{"@type":"ListItem","position":2,"name":"Danke"}]},{"@type":"WebSite","@id":"https:\/\/www.casavacanzemoresco.com\/#website","url":"https:\/\/www.casavacanzemoresco.com\/","name":"Residence Moresco","description":"Casa vacanza Liguria fronte mare","publisher":{"@id":"https:\/\/www.casavacanzemoresco.com\/#organization"},"potentialAction":[{"@type":"SearchAction","target":{"@type":"EntryPoint","urlTemplate":"https:\/\/www.casavacanzemoresco.com\/?s={search_term_string}"},"query-input":{"@type":"PropertyValueSpecification","valueRequired":true,"valueName":"search_term_string"}}],"inLanguage":"de"},{"@type":"Organization","@id":"https:\/\/www.casavacanzemoresco.com\/#organization","name":"Casa Vacanze Moresco","url":"https:\/\/www.casavacanzemoresco.com\/","logo":{"@type":"ImageObject","inLanguage":"de","@id":"https:\/\/www.casavacanzemoresco.com\/#\/schema\/logo\/image\/","url":"https:\/\/www.casavacanzemoresco.com\/wp-content\/uploads\/2018\/10\/logo-residence-moresco.png","contentUrl":"https:\/\/www.casavacanzemoresco.com\/wp-content\/uploads\/2018\/10\/logo-residence-moresco.png","width":756,"height":270,"caption":"Casa Vacanze Moresco"},"image":{"@id":"https:\/\/www.casavacanzemoresco.com\/#\/schema\/logo\/image\/"}}]}},"_links":{"self":[{"href":"https:\/\/www.casavacanzemoresco.com\/de\/wp-json\/wp\/v2\/pages\/206650","targetHints":{"allow":["GET"]}}],"collection":[{"href":"https:\/\/www.casavacanzemoresco.com\/de\/wp-json\/wp\/v2\/pages"}],"about":[{"href":"https:\/\/www.casavacanzemoresco.com\/de\/wp-json\/wp\/v2\/types\/page"}],"author":[{"embeddable":true,"href":"https:\/\/www.casavacanzemoresco.com\/de\/wp-json\/wp\/v2\/users\/1"}],"replies":[{"embeddable":true,"href":"https:\/\/www.casavacanzemoresco.com\/de\/wp-json\/wp\/v2\/comments?post=206650"}],"version-history":[{"count":2,"href":"https:\/\/www.casavacanzemoresco.com\/de\/wp-json\/wp\/v2\/pages\/206650\/revisions"}],"predecessor-version":[{"id":208992,"href":"https:\/\/www.casavacanzemoresco.com\/de\/wp-json\/wp\/v2\/pages\/206650\/revisions\/208992"}],"wp:attachment":[{"href":"https:\/\/www.casavacanzemoresco.com\/de\/wp-json\/wp\/v2\/media?parent=206650"}],"curies":[{"name":"wp","href":"https:\/\/api.w.org\/{rel}","templated":true}]}}