{"id":206625,"date":"2018-10-15T10:06:51","date_gmt":"2018-10-15T10:06:51","guid":{"rendered":"https:\/\/www.casavacanzemoresco.com\/contacts-residence\/"},"modified":"2019-06-20T07:40:17","modified_gmt":"2019-06-20T07:40:17","slug":"kontaktieren","status":"publish","type":"page","link":"https:\/\/www.casavacanzemoresco.com\/de\/kontaktieren\/","title":{"rendered":"Kontaktieren"},"content":{"rendered":"<p>[et_pb_section fb_built=&#8220;1&#8243; disabled_on=&#8220;||on&#8220; _builder_version=&#8220;3.22.3&#8243; custom_margin=&#8220;0px||0px|&#8220; custom_padding=&#8220;0px||0px|&#8220; custom_css_main_element=&#8220;z-index:99999;&#8220;][et_pb_row custom_padding=&#8220;0px||0px&#8220; custom_margin=&#8220;0px||0px&#8220; admin_label=&#8220;righe book e tel mobile&#8220; _builder_version=&#8220;3.22.3&#8243;][et_pb_column type=&#8220;4_4&#8243; _builder_version=&#8220;3.0.47&#8243;][et_pb_code disabled_on=&#8220;off|off|off&#8220; admin_label=&#8220;codice book now mobile&#8220; _builder_version=&#8220;3.19.12&#8243;]<a href=\"https:\/\/www.casavacanzemoresco.com\/book-now\/\"><\/p>\n<div id=\"booknow\">BOOK NOW <img decoding=\"async\" src=\"https:\/\/www.casavacanzemoresco.com\/wp-content\/uploads\/2019\/02\/bester-pris-garantert.png\" width=\"150px\" style=\"vertical-align:middle;\"><\/div>\n<p><\/a>[\/et_pb_code][et_pb_code disabled_on=&#8220;off|off|off&#8220; admin_label=&#8220;codice telefono mobile&#8220; _builder_version=&#8220;3.18.8&#8243;]<a href=\"tel:+390182930020\"><\/p>\n<div id=\"telmob\"><img decoding=\"async\" src=\"https:\/\/www.casavacanzemoresco.com\/wp-content\/uploads\/2018\/12\/telefono-cellulare.png\" width=\"25px\"><\/div>\n<p><\/a>[\/et_pb_code][\/et_pb_column][\/et_pb_row][\/et_pb_section][et_pb_section fb_built=&#8220;1&#8243; specialty=&#8220;on&#8220; _builder_version=&#8220;3.22.3&#8243; custom_margin=&#8220;-40px||0px&#8220; custom_padding=&#8220;|||&#8220;][et_pb_column type=&#8220;1_2&#8243; _builder_version=&#8220;3.0.47&#8243;][et_pb_text admin_label=&#8220;kontaktieren Sie uns&#8220; _builder_version=&#8220;3.19.11&#8243; header_text_color=&#8220;#aa0956&#8243; background_color=&#8220;#f7f7f7&#8243; custom_padding=&#8220;30px|30px|30px|30px&#8220; custom_padding_phone=&#8220;20px|20px|20px|20px&#8220; custom_padding_last_edited=&#8220;on|phone&#8220; header_font_size_phone=&#8220;24px&#8220; header_font_size_last_edited=&#8220;on|desktop&#8220;]<\/p>\n<h1>Kontaktieren Sie uns<\/h1>\n<p>&nbsp;<\/p>\n<p><div class=\"wpforms-container wpforms-container-full\" id=\"wpforms-206634\"><form id=\"wpforms-form-206634\" class=\"wpforms-validate wpforms-form\" data-formid=\"206634\" method=\"post\" enctype=\"multipart\/form-data\" action=\"\/de\/wp-json\/wp\/v2\/pages\/206625\" data-token=\"9c6056af4ec94151a1d4cc3f3fea8a3f\" data-token-time=\"1777569992\"><noscript class=\"wpforms-error-noscript\">Bitte aktiviere JavaScript in deinem Browser, um dieses Formular fertigzustellen.<\/noscript><div class=\"wpforms-field-container\"><div id=\"wpforms-206634-field_0-container\" class=\"wpforms-field wpforms-field-name\" data-field-id=\"0\"><label class=\"wpforms-field-label\" for=\"wpforms-206634-field_0\">Name <span class=\"wpforms-required-label\">*<\/span><\/label><input type=\"text\" id=\"wpforms-206634-field_0\" class=\"wpforms-field-large wpforms-field-required\" name=\"wpforms[fields][0]\" required><\/div><div id=\"wpforms-206634-field_1-container\" class=\"wpforms-field wpforms-field-email\" data-field-id=\"1\"><label class=\"wpforms-field-label\" for=\"wpforms-206634-field_1\">E-mail <span class=\"wpforms-required-label\">*<\/span><\/label><input type=\"email\" id=\"wpforms-206634-field_1\" class=\"wpforms-field-large wpforms-field-required\" name=\"wpforms[fields][1]\" spellcheck=\"false\" required><\/div><div id=\"wpforms-206634-field_3-container\" class=\"wpforms-field wpforms-field-number\" data-field-id=\"3\"><label class=\"wpforms-field-label\" for=\"wpforms-206634-field_3\">Telefon <span class=\"wpforms-required-label\">*<\/span><\/label><input type=\"number\" id=\"wpforms-206634-field_3\" class=\"wpforms-field-large wpforms-field-required\" name=\"wpforms[fields][3]\" step=\"any\" required><\/div><div id=\"wpforms-206634-field_2-container\" class=\"wpforms-field wpforms-field-textarea\" data-field-id=\"2\"><label class=\"wpforms-field-label\" for=\"wpforms-206634-field_2\">Anfrage <span class=\"wpforms-required-label\">*<\/span><\/label><textarea id=\"wpforms-206634-field_2\" class=\"wpforms-field-medium wpforms-field-required\" name=\"wpforms[fields][2]\" required><\/textarea><\/div><div id=\"wpforms-206634-field_5-container\" class=\"wpforms-field wpforms-field-radio wpforms-list-inline\" data-field-id=\"5\"><label class=\"wpforms-field-label wpforms-label-hide\">Informativa privacy <span class=\"wpforms-required-label\">*<\/span><\/label><ul id=\"wpforms-206634-field_5\" class=\"wpforms-field-required\"><li class=\"choice-1 depth-1\"><input type=\"radio\" id=\"wpforms-206634-field_5_1\" name=\"wpforms[fields][5]\" value=\"Ich bin damit einverstanden\" required ><label class=\"wpforms-field-label-inline\" for=\"wpforms-206634-field_5_1\">Ich bin damit einverstanden<\/label><\/li><li class=\"choice-2 depth-1\"><input type=\"radio\" id=\"wpforms-206634-field_5_2\" name=\"wpforms[fields][5]\" value=\"Ich stimme nicht zu\" required ><label class=\"wpforms-field-label-inline\" for=\"wpforms-206634-field_5_2\">Ich stimme nicht zu<\/label><\/li><\/ul><div class=\"wpforms-field-description\"><p style=\"font-size:12px;\">um Werbebotschaften, kommerzielle Angebote und Informationsnachrichten \u00fcber unsere Struktur zu erhalten (<a href=\"https:\/\/www.casavacanzemoresco.com\/informativa-privacy\/\">Datenschutzrichtlinie<\/a>)<\/p><\/div><\/div><\/div><!-- .wpforms-field-container --><div class=\"wpforms-field wpforms-field-hp\"><label for=\"wpforms-206634-field-hp\" class=\"wpforms-field-label\">Name<\/label><input type=\"text\" name=\"wpforms[hp]\" id=\"wpforms-206634-field-hp\" class=\"wpforms-field-medium\"><\/div><div class=\"wpforms-recaptcha-container wpforms-is-recaptcha wpforms-is-recaptcha-type-v3\" ><input type=\"hidden\" name=\"wpforms[recaptcha]\" value=\"\"><\/div><div class=\"wpforms-submit-container\" ><input type=\"hidden\" name=\"wpforms[id]\" value=\"206634\"><input type=\"hidden\" name=\"page_title\" value=\"\"><input type=\"hidden\" name=\"page_url\" value=\"https:\/\/www.casavacanzemoresco.com\/de\/wp-json\/wp\/v2\/pages\/206625\"><input type=\"hidden\" name=\"url_referer\" value=\"\"><button type=\"submit\" name=\"wpforms[submit]\" id=\"wpforms-submit-206634\" class=\"wpforms-submit\" data-alt-text=\"Sending...\" data-submit-text=\"SENDEN\" aria-live=\"assertive\" value=\"wpforms-submit\">SENDEN<\/button><\/div><\/form><\/div>  <!-- .wpforms-container --><br \/>\n[\/et_pb_text][\/et_pb_column][et_pb_column type=&#8220;1_2&#8243; specialty_columns=&#8220;2&#8243; _builder_version=&#8220;3.0.47&#8243;][et_pb_row_inner _builder_version=&#8220;3.22.7&#8243;][et_pb_column_inner type=&#8220;4_4&#8243; saved_specialty_column_type=&#8220;1_2&#8243; _builder_version=&#8220;3.0.47&#8243;][et_pb_text _builder_version=&#8220;3.22.7&#8243; text_font=&#8220;|300|||||||&#8220;]<\/p>\n<p>Das <strong>Sekretariat steht t\u00e4glich von 12.30 bis 19.00 Uhr<\/strong> <strong>(au\u00dfer Donnerstag)<\/strong> f\u00fcr Informationen und Reservierungen zur Verf\u00fcgung.<\/p>\n<p>[\/et_pb_text][\/et_pb_column_inner][\/et_pb_row_inner][et_pb_row_inner admin_label=&#8220;Riga&#8220; _builder_version=&#8220;3.18.4&#8243; animation_style=&#8220;slide&#8220; animation_direction=&#8220;right&#8220; animation_intensity_slide=&#8220;10%&#8220;][et_pb_column_inner type=&#8220;1_2&#8243; saved_specialty_column_type=&#8220;1_2&#8243; _builder_version=&#8220;3.0.47&#8243;][et_pb_blurb title=&#8220;Telefon&#8220; url=&#8220;tel:+390182930020&#8243; use_icon=&#8220;on&#8220; font_icon=&#8220;%%264%%&#8220; icon_color=&#8220;#b265ae&#8220; use_icon_font_size=&#8220;on&#8220; icon_font_size=&#8220;60px&#8220; admin_label=&#8220;telefon&#8220; _builder_version=&#8220;3.19.11&#8243; body_font=&#8220;|300|||||||&#8220; text_orientation=&#8220;center&#8220; link_option_url=&#8220;tel:+390182930020&#8243;]<\/p>\n<p><a href=\"tel:+390182930020\">(+39) 0182.930.020<\/a><\/p>\n<p>[\/et_pb_blurb][\/et_pb_column_inner][et_pb_column_inner type=&#8220;1_2&#8243; saved_specialty_column_type=&#8220;1_2&#8243; _builder_version=&#8220;3.0.47&#8243;][et_pb_blurb title=&#8220;Fax&#8220; use_icon=&#8220;on&#8220; font_icon=&#8220;%%142%%&#8220; icon_color=&#8220;#b265ae&#8220; use_icon_font_size=&#8220;on&#8220; icon_font_size=&#8220;60px&#8220; admin_label=&#8220;telefon&#8220; _builder_version=&#8220;3.24.1&#8243; body_font=&#8220;|300|||||||&#8220; text_orientation=&#8220;center&#8220;](+39) 0182.990.175[\/et_pb_blurb][\/et_pb_column_inner][\/et_pb_row_inner][et_pb_row_inner custom_padding=&#8220;|||&#8220; admin_label=&#8220;Riga&#8220; _builder_version=&#8220;3.18.4&#8243; custom_margin=&#8220;|||&#8220; animation_style=&#8220;slide&#8220; animation_direction=&#8220;right&#8220; animation_intensity_slide=&#8220;10%&#8220;][et_pb_column_inner type=&#8220;1_2&#8243; saved_specialty_column_type=&#8220;1_2&#8243; _builder_version=&#8220;3.0.47&#8243;][et_pb_blurb title=&#8220;E-mail&#8220; url=&#8220;mailto:mail@casavacanzemoresco.com&#8220; use_icon=&#8220;on&#8220; font_icon=&#8220;%%238%%&#8220; icon_color=&#8220;#b265ae&#8220; use_icon_font_size=&#8220;on&#8220; icon_font_size=&#8220;60px&#8220; admin_label=&#8220;mail&#8220; _builder_version=&#8220;3.18.4&#8243; body_font=&#8220;|300|||||||&#8220; text_orientation=&#8220;center&#8220; link_option_url=&#8220;mailto:mail@casavacanzemoresco.com&#8220;]<\/p>\n<p><a href=\"mailto:mail@casavacanzemoresco.com\">mail@casavacanze<br \/>moresco.com<\/a><\/p>\n<p>[\/et_pb_blurb][\/et_pb_column_inner][et_pb_column_inner type=&#8220;1_2&#8243; saved_specialty_column_type=&#8220;1_2&#8243; _builder_version=&#8220;3.0.47&#8243;][et_pb_blurb title=&#8220;Residence Moresco&#8220; use_icon=&#8220;on&#8220; font_icon=&#8220;%%249%%&#8220; icon_color=&#8220;#b265ae&#8220; use_icon_font_size=&#8220;on&#8220; icon_font_size=&#8220;60px&#8220; admin_label=&#8220;Residence Moresco&#8220; _builder_version=&#8220;3.18.4&#8243; body_font=&#8220;|300|||||||&#8220; text_orientation=&#8220;center&#8220;]<\/p>\n<p>Lungomare A. Diaz 117<br \/>17023 Ceriale SV<\/p>\n<p>[\/et_pb_blurb][\/et_pb_column_inner][\/et_pb_row_inner][\/et_pb_column][\/et_pb_section][et_pb_section fb_built=&#8220;1&#8243; disabled_on=&#8220;on|off|off&#8220; _builder_version=&#8220;3.22.3&#8243; custom_margin=&#8220;0px||&#8220; custom_padding=&#8220;0px||&#8220;][et_pb_row use_custom_gutter=&#8220;on&#8220; gutter_width=&#8220;2&#8243; module_class=&#8220; et_pb_row_fullwidth&#8220; _builder_version=&#8220;3.22.3&#8243; background_size=&#8220;initial&#8220; background_position=&#8220;top_left&#8220; background_repeat=&#8220;repeat&#8220; width=&#8220;94%&#8220; width_tablet=&#8220;80%&#8220; width_last_edited=&#8220;on|desktop&#8220; max_width=&#8220;94%&#8220; max_width_tablet=&#8220;80%&#8220; max_width_last_edited=&#8220;on|desktop&#8220; animation_style=&#8220;slide&#8220; animation_intensity_slide=&#8220;10%&#8220; make_fullwidth=&#8220;on&#8220;][et_pb_column type=&#8220;4_4&#8243; _builder_version=&#8220;3.0.47&#8243;][et_pb_code _builder_version=&#8220;3.17.6&#8243;]<iframe loading=\"lazy\" src=\"https:\/\/www.google.com\/maps\/embed?pb=!1m18!1m12!1m3!1d2865.704189421861!2d8.227591215963162!3d44.08945983212768!2m3!1f0!2f0!3f0!3m2!1i1024!2i768!4f13.1!3m3!1m2!1s0x12d258b0da2757c9%3A0xaad065b3c3817564!2sResidence+Moresco!5e0!3m2!1sit!2sit!4v1541004378167\" width=\"100%\" height=\"500\" frameborder=\"0\" style=\"border:0\" allowfullscreen><\/iframe>[\/et_pb_code][\/et_pb_column][\/et_pb_row][\/et_pb_section][et_pb_section fb_built=&#8220;1&#8243; disabled_on=&#8220;off|on|on&#8220; _builder_version=&#8220;3.22.3&#8243; custom_margin=&#8220;0px||&#8220; custom_padding=&#8220;0px||&#8220;][et_pb_row use_custom_gutter=&#8220;on&#8220; gutter_width=&#8220;2&#8243; module_class=&#8220; et_pb_row_fullwidth&#8220; _builder_version=&#8220;3.22.3&#8243; background_size=&#8220;initial&#8220; background_position=&#8220;top_left&#8220; background_repeat=&#8220;repeat&#8220; width=&#8220;94%&#8220; width_tablet=&#8220;80%&#8220; width_last_edited=&#8220;on|desktop&#8220; max_width=&#8220;94%&#8220; max_width_tablet=&#8220;80%&#8220; max_width_last_edited=&#8220;on|desktop&#8220; animation_style=&#8220;slide&#8220; animation_intensity_slide=&#8220;10%&#8220; make_fullwidth=&#8220;on&#8220;][et_pb_column type=&#8220;4_4&#8243; _builder_version=&#8220;3.0.47&#8243;][et_pb_code _builder_version=&#8220;3.18.8&#8243;]<iframe loading=\"lazy\" src=\"https:\/\/www.google.com\/maps\/embed?pb=!1m18!1m12!1m3!1d2865.704189421861!2d8.227591215963162!3d44.08945983212768!2m3!1f0!2f0!3f0!3m2!1i1024!2i768!4f13.1!3m3!1m2!1s0x12d258b0da2757c9%3A0xaad065b3c3817564!2sResidence+Moresco!5e0!3m2!1sit!2sit!4v1541004378167\" width=\"100%\" height=\"300\" frameborder=\"0\" style=\"border:0\" allowfullscreen><\/iframe>[\/et_pb_code][\/et_pb_column][\/et_pb_row][\/et_pb_section]<\/p>\n","protected":false},"excerpt":{"rendered":"<p>Kontaktieren Sie uns &nbsp; <div class=\"wpforms-container wpforms-container-full\" id=\"wpforms-206634\"><form id=\"wpforms-form-206634\" class=\"wpforms-validate wpforms-form\" data-formid=\"206634\" method=\"post\" enctype=\"multipart\/form-data\" action=\"\/de\/wp-json\/wp\/v2\/pages\/206625\" data-token=\"9c6056af4ec94151a1d4cc3f3fea8a3f\" data-token-time=\"1777569992\"><noscript class=\"wpforms-error-noscript\">Bitte aktiviere JavaScript in deinem Browser, um dieses Formular fertigzustellen.<\/noscript><div class=\"wpforms-field-container\"><div id=\"wpforms-206634-field_0-container\" class=\"wpforms-field wpforms-field-name\" data-field-id=\"0\"><label class=\"wpforms-field-label\" for=\"wpforms-206634-field_0\">Name <span class=\"wpforms-required-label\">*<\/span><\/label><input type=\"text\" id=\"wpforms-206634-field_0\" class=\"wpforms-field-large wpforms-field-required\" name=\"wpforms[fields][0]\" required><\/div><div id=\"wpforms-206634-field_1-container\" class=\"wpforms-field wpforms-field-email\" data-field-id=\"1\"><label class=\"wpforms-field-label\" for=\"wpforms-206634-field_1\">E-mail <span class=\"wpforms-required-label\">*<\/span><\/label><input type=\"email\" id=\"wpforms-206634-field_1\" class=\"wpforms-field-large wpforms-field-required\" name=\"wpforms[fields][1]\" spellcheck=\"false\" required><\/div><div id=\"wpforms-206634-field_3-container\" class=\"wpforms-field wpforms-field-number\" data-field-id=\"3\"><label class=\"wpforms-field-label\" for=\"wpforms-206634-field_3\">Telefon <span class=\"wpforms-required-label\">*<\/span><\/label><input type=\"number\" id=\"wpforms-206634-field_3\" class=\"wpforms-field-large wpforms-field-required\" name=\"wpforms[fields][3]\" step=\"any\" required><\/div><div id=\"wpforms-206634-field_2-container\" class=\"wpforms-field wpforms-field-textarea\" data-field-id=\"2\"><label class=\"wpforms-field-label\" for=\"wpforms-206634-field_2\">Anfrage <span class=\"wpforms-required-label\">*<\/span><\/label><textarea id=\"wpforms-206634-field_2\" class=\"wpforms-field-medium wpforms-field-required\" name=\"wpforms[fields][2]\" required><\/textarea><\/div><div id=\"wpforms-206634-field_5-container\" class=\"wpforms-field wpforms-field-radio wpforms-list-inline\" data-field-id=\"5\"><label class=\"wpforms-field-label wpforms-label-hide\">Informativa privacy <span class=\"wpforms-required-label\">*<\/span><\/label><ul id=\"wpforms-206634-field_5\" class=\"wpforms-field-required\"><li class=\"choice-1 depth-1\"><input type=\"radio\" id=\"wpforms-206634-field_5_1\" name=\"wpforms[fields][5]\" value=\"Ich bin damit einverstanden\" required ><label class=\"wpforms-field-label-inline\" for=\"wpforms-206634-field_5_1\">Ich bin damit einverstanden<\/label><\/li><li class=\"choice-2 depth-1\"><input type=\"radio\" id=\"wpforms-206634-field_5_2\" name=\"wpforms[fields][5]\" value=\"Ich stimme nicht zu\" required ><label class=\"wpforms-field-label-inline\" for=\"wpforms-206634-field_5_2\">Ich stimme nicht zu<\/label><\/li><\/ul><div class=\"wpforms-field-description\"><p style=\"font-size:12px;\">um Werbebotschaften, kommerzielle Angebote und Informationsnachrichten \u00fcber unsere Struktur zu erhalten (<a href=\"https:\/\/www.casavacanzemoresco.com\/informativa-privacy\/\">Datenschutzrichtlinie<\/a>)<\/p><\/div><\/div><\/div><!-- .wpforms-field-container --><div class=\"wpforms-field wpforms-field-hp\"><label for=\"wpforms-206634-field-hp\" class=\"wpforms-field-label\">Email<\/label><input type=\"text\" name=\"wpforms[hp]\" id=\"wpforms-206634-field-hp\" class=\"wpforms-field-medium\"><\/div><div class=\"wpforms-recaptcha-container wpforms-is-recaptcha wpforms-is-recaptcha-type-v3\" ><input type=\"hidden\" name=\"wpforms[recaptcha]\" value=\"\"><\/div><div class=\"wpforms-submit-container\" ><input type=\"hidden\" name=\"wpforms[id]\" value=\"206634\"><input type=\"hidden\" name=\"page_title\" value=\"\"><input type=\"hidden\" name=\"page_url\" value=\"https:\/\/www.casavacanzemoresco.com\/de\/wp-json\/wp\/v2\/pages\/206625\"><input type=\"hidden\" name=\"url_referer\" value=\"\"><button type=\"submit\" name=\"wpforms[submit]\" id=\"wpforms-submit-206634\" class=\"wpforms-submit\" data-alt-text=\"Sending...\" data-submit-text=\"SENDEN\" aria-live=\"assertive\" value=\"wpforms-submit\">SENDEN<\/button><\/div><\/form><\/div>  <!-- .wpforms-container --> Das Sekretariat steht t\u00e4glich von 12.30 bis 19.00 Uhr (au\u00dfer Donnerstag) f\u00fcr Informationen und Reservierungen zur Verf\u00fcgung.(+39) 0182.930.020 (+39) 0182.990.175mail@casavacanzemoresco.com Lungomare A. Diaz 11717023 Ceriale SV<\/p>\n","protected":false},"author":1,"featured_media":0,"parent":0,"menu_order":0,"comment_status":"closed","ping_status":"closed","template":"","meta":{"_et_pb_use_builder":"on","_et_pb_old_content":"","_et_gb_content_width":"","footnotes":""},"class_list":["post-206625","page","type-page","status-publish","hentry"],"yoast_head":"<!-- This site is optimized with the Yoast SEO plugin v27.4 - https:\/\/yoast.com\/product\/yoast-seo-wordpress\/ -->\n<title>Kontaktieren | Residence Moresco<\/title>\n<meta name=\"robots\" content=\"index, follow, max-snippet:-1, max-image-preview:large, max-video-preview:-1\" \/>\n<link rel=\"canonical\" href=\"https:\/\/www.casavacanzemoresco.com\/de\/kontaktieren\/\" \/>\n<meta property=\"og:locale\" content=\"de_DE\" \/>\n<meta property=\"og:type\" content=\"article\" \/>\n<meta property=\"og:title\" content=\"Kontaktieren | Residence Moresco\" \/>\n<meta property=\"og:description\" content=\"Kontaktieren Sie uns &nbsp; Das Sekretariat steht t\u00e4glich von 12.30 bis 19.00 Uhr (au\u00dfer Donnerstag) f\u00fcr Informationen und Reservierungen zur Verf\u00fcgung.(+39) 0182.930.020 (+39) 0182.990.175mail@casavacanzemoresco.com Lungomare A. Diaz 11717023 Ceriale SV\" \/>\n<meta property=\"og:url\" content=\"https:\/\/www.casavacanzemoresco.com\/de\/kontaktieren\/\" \/>\n<meta property=\"og:site_name\" content=\"Residence Moresco\" \/>\n<meta property=\"article:modified_time\" content=\"2019-06-20T07:40:17+00:00\" \/>\n<meta property=\"og:image\" content=\"https:\/\/www.casavacanzemoresco.com\/wp-content\/uploads\/2019\/02\/bester-pris-garantert.png\" \/>\n<meta name=\"twitter:card\" content=\"summary_large_image\" \/>\n<meta name=\"twitter:label1\" content=\"Gesch\u00e4tzte Lesezeit\" \/>\n\t<meta name=\"twitter:data1\" content=\"4\u00a0Minuten\" \/>\n<script type=\"application\/ld+json\" class=\"yoast-schema-graph\">{\"@context\":\"https:\\\/\\\/schema.org\",\"@graph\":[{\"@type\":\"WebPage\",\"@id\":\"https:\\\/\\\/www.casavacanzemoresco.com\\\/de\\\/kontaktieren\\\/\",\"url\":\"https:\\\/\\\/www.casavacanzemoresco.com\\\/de\\\/kontaktieren\\\/\",\"name\":\"Kontaktieren | Residence Moresco\",\"isPartOf\":{\"@id\":\"https:\\\/\\\/www.casavacanzemoresco.com\\\/#website\"},\"primaryImageOfPage\":{\"@id\":\"https:\\\/\\\/www.casavacanzemoresco.com\\\/de\\\/kontaktieren\\\/#primaryimage\"},\"image\":{\"@id\":\"https:\\\/\\\/www.casavacanzemoresco.com\\\/de\\\/kontaktieren\\\/#primaryimage\"},\"thumbnailUrl\":\"https:\\\/\\\/www.casavacanzemoresco.com\\\/wp-content\\\/uploads\\\/2019\\\/02\\\/bester-pris-garantert.png\",\"datePublished\":\"2018-10-15T10:06:51+00:00\",\"dateModified\":\"2019-06-20T07:40:17+00:00\",\"breadcrumb\":{\"@id\":\"https:\\\/\\\/www.casavacanzemoresco.com\\\/de\\\/kontaktieren\\\/#breadcrumb\"},\"inLanguage\":\"de\",\"potentialAction\":[{\"@type\":\"ReadAction\",\"target\":[\"https:\\\/\\\/www.casavacanzemoresco.com\\\/de\\\/kontaktieren\\\/\"]}]},{\"@type\":\"ImageObject\",\"inLanguage\":\"de\",\"@id\":\"https:\\\/\\\/www.casavacanzemoresco.com\\\/de\\\/kontaktieren\\\/#primaryimage\",\"url\":\"https:\\\/\\\/www.casavacanzemoresco.com\\\/wp-content\\\/uploads\\\/2019\\\/02\\\/bester-pris-garantert.png\",\"contentUrl\":\"https:\\\/\\\/www.casavacanzemoresco.com\\\/wp-content\\\/uploads\\\/2019\\\/02\\\/bester-pris-garantert.png\"},{\"@type\":\"BreadcrumbList\",\"@id\":\"https:\\\/\\\/www.casavacanzemoresco.com\\\/de\\\/kontaktieren\\\/#breadcrumb\",\"itemListElement\":[{\"@type\":\"ListItem\",\"position\":1,\"name\":\"Home\",\"item\":\"https:\\\/\\\/www.casavacanzemoresco.com\\\/de\\\/\"},{\"@type\":\"ListItem\",\"position\":2,\"name\":\"Kontaktieren\"}]},{\"@type\":\"WebSite\",\"@id\":\"https:\\\/\\\/www.casavacanzemoresco.com\\\/#website\",\"url\":\"https:\\\/\\\/www.casavacanzemoresco.com\\\/\",\"name\":\"Residence Moresco\",\"description\":\"Casa vacanza Liguria fronte mare\",\"publisher\":{\"@id\":\"https:\\\/\\\/www.casavacanzemoresco.com\\\/#organization\"},\"potentialAction\":[{\"@type\":\"SearchAction\",\"target\":{\"@type\":\"EntryPoint\",\"urlTemplate\":\"https:\\\/\\\/www.casavacanzemoresco.com\\\/?s={search_term_string}\"},\"query-input\":{\"@type\":\"PropertyValueSpecification\",\"valueRequired\":true,\"valueName\":\"search_term_string\"}}],\"inLanguage\":\"de\"},{\"@type\":\"Organization\",\"@id\":\"https:\\\/\\\/www.casavacanzemoresco.com\\\/#organization\",\"name\":\"Casa Vacanze Moresco\",\"url\":\"https:\\\/\\\/www.casavacanzemoresco.com\\\/\",\"logo\":{\"@type\":\"ImageObject\",\"inLanguage\":\"de\",\"@id\":\"https:\\\/\\\/www.casavacanzemoresco.com\\\/#\\\/schema\\\/logo\\\/image\\\/\",\"url\":\"https:\\\/\\\/www.casavacanzemoresco.com\\\/wp-content\\\/uploads\\\/2018\\\/10\\\/logo-residence-moresco.png\",\"contentUrl\":\"https:\\\/\\\/www.casavacanzemoresco.com\\\/wp-content\\\/uploads\\\/2018\\\/10\\\/logo-residence-moresco.png\",\"width\":756,\"height\":270,\"caption\":\"Casa Vacanze Moresco\"},\"image\":{\"@id\":\"https:\\\/\\\/www.casavacanzemoresco.com\\\/#\\\/schema\\\/logo\\\/image\\\/\"}}]}<\/script>\n<!-- \/ Yoast SEO plugin. -->","yoast_head_json":{"title":"Kontaktieren | Residence Moresco","robots":{"index":"index","follow":"follow","max-snippet":"max-snippet:-1","max-image-preview":"max-image-preview:large","max-video-preview":"max-video-preview:-1"},"canonical":"https:\/\/www.casavacanzemoresco.com\/de\/kontaktieren\/","og_locale":"de_DE","og_type":"article","og_title":"Kontaktieren | Residence Moresco","og_description":"Kontaktieren Sie uns &nbsp; Das Sekretariat steht t\u00e4glich von 12.30 bis 19.00 Uhr (au\u00dfer Donnerstag) f\u00fcr Informationen und Reservierungen zur Verf\u00fcgung.(+39) 0182.930.020 (+39) 0182.990.175mail@casavacanzemoresco.com Lungomare A. Diaz 11717023 Ceriale SV","og_url":"https:\/\/www.casavacanzemoresco.com\/de\/kontaktieren\/","og_site_name":"Residence Moresco","article_modified_time":"2019-06-20T07:40:17+00:00","og_image":[{"url":"https:\/\/www.casavacanzemoresco.com\/wp-content\/uploads\/2019\/02\/bester-pris-garantert.png","type":"","width":"","height":""}],"twitter_card":"summary_large_image","twitter_misc":{"Gesch\u00e4tzte Lesezeit":"4\u00a0Minuten"},"schema":{"@context":"https:\/\/schema.org","@graph":[{"@type":"WebPage","@id":"https:\/\/www.casavacanzemoresco.com\/de\/kontaktieren\/","url":"https:\/\/www.casavacanzemoresco.com\/de\/kontaktieren\/","name":"Kontaktieren | Residence Moresco","isPartOf":{"@id":"https:\/\/www.casavacanzemoresco.com\/#website"},"primaryImageOfPage":{"@id":"https:\/\/www.casavacanzemoresco.com\/de\/kontaktieren\/#primaryimage"},"image":{"@id":"https:\/\/www.casavacanzemoresco.com\/de\/kontaktieren\/#primaryimage"},"thumbnailUrl":"https:\/\/www.casavacanzemoresco.com\/wp-content\/uploads\/2019\/02\/bester-pris-garantert.png","datePublished":"2018-10-15T10:06:51+00:00","dateModified":"2019-06-20T07:40:17+00:00","breadcrumb":{"@id":"https:\/\/www.casavacanzemoresco.com\/de\/kontaktieren\/#breadcrumb"},"inLanguage":"de","potentialAction":[{"@type":"ReadAction","target":["https:\/\/www.casavacanzemoresco.com\/de\/kontaktieren\/"]}]},{"@type":"ImageObject","inLanguage":"de","@id":"https:\/\/www.casavacanzemoresco.com\/de\/kontaktieren\/#primaryimage","url":"https:\/\/www.casavacanzemoresco.com\/wp-content\/uploads\/2019\/02\/bester-pris-garantert.png","contentUrl":"https:\/\/www.casavacanzemoresco.com\/wp-content\/uploads\/2019\/02\/bester-pris-garantert.png"},{"@type":"BreadcrumbList","@id":"https:\/\/www.casavacanzemoresco.com\/de\/kontaktieren\/#breadcrumb","itemListElement":[{"@type":"ListItem","position":1,"name":"Home","item":"https:\/\/www.casavacanzemoresco.com\/de\/"},{"@type":"ListItem","position":2,"name":"Kontaktieren"}]},{"@type":"WebSite","@id":"https:\/\/www.casavacanzemoresco.com\/#website","url":"https:\/\/www.casavacanzemoresco.com\/","name":"Residence Moresco","description":"Casa vacanza Liguria fronte mare","publisher":{"@id":"https:\/\/www.casavacanzemoresco.com\/#organization"},"potentialAction":[{"@type":"SearchAction","target":{"@type":"EntryPoint","urlTemplate":"https:\/\/www.casavacanzemoresco.com\/?s={search_term_string}"},"query-input":{"@type":"PropertyValueSpecification","valueRequired":true,"valueName":"search_term_string"}}],"inLanguage":"de"},{"@type":"Organization","@id":"https:\/\/www.casavacanzemoresco.com\/#organization","name":"Casa Vacanze Moresco","url":"https:\/\/www.casavacanzemoresco.com\/","logo":{"@type":"ImageObject","inLanguage":"de","@id":"https:\/\/www.casavacanzemoresco.com\/#\/schema\/logo\/image\/","url":"https:\/\/www.casavacanzemoresco.com\/wp-content\/uploads\/2018\/10\/logo-residence-moresco.png","contentUrl":"https:\/\/www.casavacanzemoresco.com\/wp-content\/uploads\/2018\/10\/logo-residence-moresco.png","width":756,"height":270,"caption":"Casa Vacanze Moresco"},"image":{"@id":"https:\/\/www.casavacanzemoresco.com\/#\/schema\/logo\/image\/"}}]}},"_links":{"self":[{"href":"https:\/\/www.casavacanzemoresco.com\/de\/wp-json\/wp\/v2\/pages\/206625","targetHints":{"allow":["GET"]}}],"collection":[{"href":"https:\/\/www.casavacanzemoresco.com\/de\/wp-json\/wp\/v2\/pages"}],"about":[{"href":"https:\/\/www.casavacanzemoresco.com\/de\/wp-json\/wp\/v2\/types\/page"}],"author":[{"embeddable":true,"href":"https:\/\/www.casavacanzemoresco.com\/de\/wp-json\/wp\/v2\/users\/1"}],"replies":[{"embeddable":true,"href":"https:\/\/www.casavacanzemoresco.com\/de\/wp-json\/wp\/v2\/comments?post=206625"}],"version-history":[{"count":8,"href":"https:\/\/www.casavacanzemoresco.com\/de\/wp-json\/wp\/v2\/pages\/206625\/revisions"}],"predecessor-version":[{"id":209411,"href":"https:\/\/www.casavacanzemoresco.com\/de\/wp-json\/wp\/v2\/pages\/206625\/revisions\/209411"}],"wp:attachment":[{"href":"https:\/\/www.casavacanzemoresco.com\/de\/wp-json\/wp\/v2\/media?parent=206625"}],"curies":[{"name":"wp","href":"https:\/\/api.w.org\/{rel}","templated":true}]}}