{"id":206507,"date":"2018-10-31T15:08:04","date_gmt":"2018-10-31T15:08:04","guid":{"rendered":"https:\/\/www.casavacanzemoresco.com\/info-utili\/"},"modified":"2019-05-28T14:02:44","modified_gmt":"2019-05-28T14:02:44","slug":"informationen-dokumente","status":"publish","type":"page","link":"https:\/\/www.casavacanzemoresco.com\/de\/informationen-dokumente\/","title":{"rendered":"Informationen und Dokumente"},"content":{"rendered":"<p>[et_pb_section fb_built=&#8220;1&#8243; disabled_on=&#8220;||on&#8220; _builder_version=&#8220;3.22.3&#8243; background_color=&#8220;#f7f7f7&#8243; custom_margin=&#8220;0px||0px|&#8220; custom_padding=&#8220;0px||0px|&#8220; custom_css_main_element=&#8220;z-index:99999;&#8220;][et_pb_row custom_padding=&#8220;0px||0px&#8220; custom_margin=&#8220;0px||0px&#8220; admin_label=&#8220;righe book e tel mobile&#8220; _builder_version=&#8220;3.22.3&#8243;][et_pb_column type=&#8220;4_4&#8243; _builder_version=&#8220;3.0.47&#8243;][et_pb_code disabled_on=&#8220;off|off|off&#8220; admin_label=&#8220;codice book now mobile&#8220; _builder_version=&#8220;3.19.12&#8243;]<a href=\"https:\/\/www.casavacanzemoresco.com\/book-now\/\"><\/p>\n<div id=\"booknow\">BOOK NOW <img decoding=\"async\" src=\"https:\/\/www.casavacanzemoresco.com\/wp-content\/uploads\/2019\/02\/bester-pris-garantert.png\" width=\"150px\" style=\"vertical-align:middle;\"><\/div>\n<p><\/a>[\/et_pb_code][et_pb_code disabled_on=&#8220;off|off|off&#8220; admin_label=&#8220;codice telefono mobile&#8220; _builder_version=&#8220;3.18.8&#8243;]<a href=\"tel:+390182930020\"><\/p>\n<div id=\"telmob\"><img decoding=\"async\" src=\"https:\/\/www.casavacanzemoresco.com\/wp-content\/uploads\/2018\/12\/telefono-cellulare.png\" width=\"25px\"><\/div>\n<p><\/a>[\/et_pb_code][\/et_pb_column][\/et_pb_row][\/et_pb_section][et_pb_section fb_built=&#8220;1&#8243; _builder_version=&#8220;3.22.3&#8243; background_color=&#8220;#f7f7f7&#8243; custom_margin=&#8220;0px||&#8220; custom_padding=&#8220;0px||&#8220;][et_pb_row use_custom_gutter=&#8220;on&#8220; gutter_width=&#8220;2&#8243; make_equal=&#8220;on&#8220; background_color_1=&#8220;#ffffff&#8220; background_color_2=&#8220;#ffffff&#8220; background_color_3=&#8220;#ffffff&#8220; background_color_4=&#8220;#ffffff&#8220; padding_top_1=&#8220;20px&#8220; padding_top_2=&#8220;20px&#8220; padding_top_3=&#8220;20px&#8220; padding_top_4=&#8220;20px&#8220; padding_right_1=&#8220;20px&#8220; padding_right_2=&#8220;20px&#8220; padding_right_3=&#8220;20px&#8220; padding_right_4=&#8220;20px&#8220; padding_bottom_1=&#8220;20px&#8220; padding_bottom_2=&#8220;20px&#8220; padding_bottom_3=&#8220;20px&#8220; padding_bottom_4=&#8220;20px&#8220; padding_left_1=&#8220;20px&#8220; padding_left_2=&#8220;20px&#8220; padding_left_3=&#8220;20px&#8220; padding_left_4=&#8220;20px&#8220; _builder_version=&#8220;3.22.3&#8243; max_width=&#8220;1500px&#8220; use_custom_width=&#8220;on&#8220; custom_width_px=&#8220;1500px&#8220;][et_pb_column type=&#8220;1_4&#8243; _builder_version=&#8220;3.0.47&#8243;][et_pb_blurb title=&#8220;INFOS&#8220; use_icon=&#8220;on&#8220; font_icon=&#8220;%%49%%&#8220; use_icon_font_size=&#8220;on&#8220; icon_font_size=&#8220;60px&#8220; admin_label=&#8220;check in&#8220; _builder_version=&#8220;3.22.7&#8243; header_font=&#8220;|||on|||||&#8220; header_text_align=&#8220;center&#8220; body_font=&#8220;|300|||||||&#8220;]<\/p>\n<p>Ankunft: <strong>von 16.00 bis 21.00 Uhr<\/strong><\/p>\n<p>Abreise: <strong>von 07.00 bis 09.00 Uhr<\/strong><\/p>\n<p>[\/et_pb_blurb][\/et_pb_column][et_pb_column type=&#8220;1_4&#8243; _builder_version=&#8220;3.0.47&#8243;][et_pb_blurb title=&#8220;VERWEIGERUNG DES EINCHECKEN&#8220; use_icon=&#8220;on&#8220; font_icon=&#8220;%%139%%&#8220; use_icon_font_size=&#8220;on&#8220; icon_font_size=&#8220;60px&#8220; admin_label=&#8220;RIFIUTO CHECK-IN&#8220; _builder_version=&#8220;3.19.14&#8243; header_font=&#8220;|||on|||||&#8220; header_text_align=&#8220;center&#8220; body_font=&#8220;|300|||||||&#8220;]<\/p>\n<p>Entsprechend dem Gesetz sind wir leider verpflichtet, jedem Gast, der kein g\u00fcltiges Personaldokument vorlegen kann, die Annahme in unserer Struktur zu verweigern.<\/p>\n<p>[\/et_pb_blurb][\/et_pb_column][et_pb_column type=&#8220;1_4&#8243; _builder_version=&#8220;3.0.47&#8243;][et_pb_blurb title=&#8220;AUSWEISPAPIER&#8220; use_icon=&#8220;on&#8220; font_icon=&#8220;%%274%%&#8220; use_icon_font_size=&#8220;on&#8220; icon_font_size=&#8220;60px&#8220; admin_label=&#8220;Personaldokument&#8220; _builder_version=&#8220;3.19.14&#8243; header_font=&#8220;|||on|||||&#8220; header_text_align=&#8220;center&#8220; body_font=&#8220;|300|||||||&#8220;]<\/p>\n<p>Wir m\u00f6chten unsere G\u00e4ste daran erinnern, dass ein <strong>g\u00fcltiges Personaldokument (Pass oder Personalausweis) vorzulegen<\/strong> ist, um eine <strong>ordnungsgem\u00e4\u00dfe Registrierung<\/strong> in unserer Struktur zu erm\u00f6glichen.<\/p>\n<p>[\/et_pb_blurb][\/et_pb_column][et_pb_column type=&#8220;1_4&#8243; _builder_version=&#8220;3.0.47&#8243;][et_pb_blurb title=&#8220;TIERE&#8220; use_icon=&#8220;on&#8220; font_icon=&#8220;%%82%%&#8220; use_icon_font_size=&#8220;on&#8220; icon_font_size=&#8220;60px&#8220; admin_label=&#8220;animali&#8220; _builder_version=&#8220;3.22.7&#8243; header_font=&#8220;||||||||&#8220; header_text_align=&#8220;center&#8220; body_font=&#8220;|300|||||||&#8220;]Mit R\u00fccksicht auf unsere G\u00e4ste mit Tierhaarallergien sind Haustiere in unserer Einrichtung nicht erlaubt.[\/et_pb_blurb][\/et_pb_column][\/et_pb_row][\/et_pb_section]<\/p>\n","protected":false},"excerpt":{"rendered":"<p>Ankunft: von 16.00 bis 21.00 Uhr Abreise: von 07.00 bis 09.00 UhrEntsprechend dem Gesetz sind wir leider verpflichtet, jedem Gast, der kein g\u00fcltiges Personaldokument vorlegen kann, die Annahme in unserer Struktur zu verweigern.Wir m\u00f6chten unsere G\u00e4ste daran erinnern, dass ein g\u00fcltiges Personaldokument (Pass oder Personalausweis) vorzulegen ist, um eine ordnungsgem\u00e4\u00dfe Registrierung in unserer Struktur zu [&hellip;]<\/p>\n","protected":false},"author":1,"featured_media":0,"parent":0,"menu_order":0,"comment_status":"closed","ping_status":"closed","template":"","meta":{"_et_pb_use_builder":"on","_et_pb_old_content":"","_et_gb_content_width":"","footnotes":""},"class_list":["post-206507","page","type-page","status-publish","hentry"],"yoast_head":"<!-- This site is optimized with the Yoast SEO plugin v27.5 - https:\/\/yoast.com\/product\/yoast-seo-wordpress\/ -->\n<title>Informationen und Dokumente | Residence Moresco<\/title>\n<meta name=\"robots\" content=\"index, follow, max-snippet:-1, max-image-preview:large, max-video-preview:-1\" \/>\n<link rel=\"canonical\" href=\"https:\/\/www.casavacanzemoresco.com\/de\/informationen-dokumente\/\" \/>\n<meta property=\"og:locale\" content=\"de_DE\" \/>\n<meta property=\"og:type\" content=\"article\" \/>\n<meta property=\"og:title\" content=\"Informationen und Dokumente | Residence Moresco\" \/>\n<meta property=\"og:description\" content=\"Ankunft: von 16.00 bis 21.00 Uhr Abreise: von 07.00 bis 09.00 UhrEntsprechend dem Gesetz sind wir leider verpflichtet, jedem Gast, der kein g\u00fcltiges Personaldokument vorlegen kann, die Annahme in unserer Struktur zu verweigern.Wir m\u00f6chten unsere G\u00e4ste daran erinnern, dass ein g\u00fcltiges Personaldokument (Pass oder Personalausweis) vorzulegen ist, um eine ordnungsgem\u00e4\u00dfe Registrierung in unserer Struktur zu [&hellip;]\" \/>\n<meta property=\"og:url\" content=\"https:\/\/www.casavacanzemoresco.com\/de\/informationen-dokumente\/\" \/>\n<meta property=\"og:site_name\" content=\"Residence Moresco\" \/>\n<meta property=\"article:modified_time\" content=\"2019-05-28T14:02:44+00:00\" \/>\n<meta property=\"og:image\" content=\"https:\/\/www.casavacanzemoresco.com\/wp-content\/uploads\/2019\/02\/bester-pris-garantert.png\" \/>\n<meta name=\"twitter:card\" content=\"summary_large_image\" \/>\n<meta name=\"twitter:label1\" content=\"Gesch\u00e4tzte Lesezeit\" \/>\n\t<meta name=\"twitter:data1\" content=\"2\u00a0Minuten\" \/>\n<script type=\"application\/ld+json\" class=\"yoast-schema-graph\">{\"@context\":\"https:\\\/\\\/schema.org\",\"@graph\":[{\"@type\":\"WebPage\",\"@id\":\"https:\\\/\\\/www.casavacanzemoresco.com\\\/de\\\/informationen-dokumente\\\/\",\"url\":\"https:\\\/\\\/www.casavacanzemoresco.com\\\/de\\\/informationen-dokumente\\\/\",\"name\":\"Informationen und Dokumente | Residence Moresco\",\"isPartOf\":{\"@id\":\"https:\\\/\\\/www.casavacanzemoresco.com\\\/#website\"},\"primaryImageOfPage\":{\"@id\":\"https:\\\/\\\/www.casavacanzemoresco.com\\\/de\\\/informationen-dokumente\\\/#primaryimage\"},\"image\":{\"@id\":\"https:\\\/\\\/www.casavacanzemoresco.com\\\/de\\\/informationen-dokumente\\\/#primaryimage\"},\"thumbnailUrl\":\"https:\\\/\\\/www.casavacanzemoresco.com\\\/wp-content\\\/uploads\\\/2019\\\/02\\\/bester-pris-garantert.png\",\"datePublished\":\"2018-10-31T15:08:04+00:00\",\"dateModified\":\"2019-05-28T14:02:44+00:00\",\"breadcrumb\":{\"@id\":\"https:\\\/\\\/www.casavacanzemoresco.com\\\/de\\\/informationen-dokumente\\\/#breadcrumb\"},\"inLanguage\":\"de\",\"potentialAction\":[{\"@type\":\"ReadAction\",\"target\":[\"https:\\\/\\\/www.casavacanzemoresco.com\\\/de\\\/informationen-dokumente\\\/\"]}]},{\"@type\":\"ImageObject\",\"inLanguage\":\"de\",\"@id\":\"https:\\\/\\\/www.casavacanzemoresco.com\\\/de\\\/informationen-dokumente\\\/#primaryimage\",\"url\":\"https:\\\/\\\/www.casavacanzemoresco.com\\\/wp-content\\\/uploads\\\/2019\\\/02\\\/bester-pris-garantert.png\",\"contentUrl\":\"https:\\\/\\\/www.casavacanzemoresco.com\\\/wp-content\\\/uploads\\\/2019\\\/02\\\/bester-pris-garantert.png\"},{\"@type\":\"BreadcrumbList\",\"@id\":\"https:\\\/\\\/www.casavacanzemoresco.com\\\/de\\\/informationen-dokumente\\\/#breadcrumb\",\"itemListElement\":[{\"@type\":\"ListItem\",\"position\":1,\"name\":\"Home\",\"item\":\"https:\\\/\\\/www.casavacanzemoresco.com\\\/de\\\/\"},{\"@type\":\"ListItem\",\"position\":2,\"name\":\"Informationen und Dokumente\"}]},{\"@type\":\"WebSite\",\"@id\":\"https:\\\/\\\/www.casavacanzemoresco.com\\\/#website\",\"url\":\"https:\\\/\\\/www.casavacanzemoresco.com\\\/\",\"name\":\"Residence Moresco\",\"description\":\"Casa vacanza Liguria fronte mare\",\"publisher\":{\"@id\":\"https:\\\/\\\/www.casavacanzemoresco.com\\\/#organization\"},\"potentialAction\":[{\"@type\":\"SearchAction\",\"target\":{\"@type\":\"EntryPoint\",\"urlTemplate\":\"https:\\\/\\\/www.casavacanzemoresco.com\\\/?s={search_term_string}\"},\"query-input\":{\"@type\":\"PropertyValueSpecification\",\"valueRequired\":true,\"valueName\":\"search_term_string\"}}],\"inLanguage\":\"de\"},{\"@type\":\"Organization\",\"@id\":\"https:\\\/\\\/www.casavacanzemoresco.com\\\/#organization\",\"name\":\"Casa Vacanze Moresco\",\"url\":\"https:\\\/\\\/www.casavacanzemoresco.com\\\/\",\"logo\":{\"@type\":\"ImageObject\",\"inLanguage\":\"de\",\"@id\":\"https:\\\/\\\/www.casavacanzemoresco.com\\\/#\\\/schema\\\/logo\\\/image\\\/\",\"url\":\"https:\\\/\\\/www.casavacanzemoresco.com\\\/wp-content\\\/uploads\\\/2018\\\/10\\\/logo-residence-moresco.png\",\"contentUrl\":\"https:\\\/\\\/www.casavacanzemoresco.com\\\/wp-content\\\/uploads\\\/2018\\\/10\\\/logo-residence-moresco.png\",\"width\":756,\"height\":270,\"caption\":\"Casa Vacanze Moresco\"},\"image\":{\"@id\":\"https:\\\/\\\/www.casavacanzemoresco.com\\\/#\\\/schema\\\/logo\\\/image\\\/\"}}]}<\/script>\n<!-- \/ Yoast SEO plugin. -->","yoast_head_json":{"title":"Informationen und Dokumente | Residence Moresco","robots":{"index":"index","follow":"follow","max-snippet":"max-snippet:-1","max-image-preview":"max-image-preview:large","max-video-preview":"max-video-preview:-1"},"canonical":"https:\/\/www.casavacanzemoresco.com\/de\/informationen-dokumente\/","og_locale":"de_DE","og_type":"article","og_title":"Informationen und Dokumente | Residence Moresco","og_description":"Ankunft: von 16.00 bis 21.00 Uhr Abreise: von 07.00 bis 09.00 UhrEntsprechend dem Gesetz sind wir leider verpflichtet, jedem Gast, der kein g\u00fcltiges Personaldokument vorlegen kann, die Annahme in unserer Struktur zu verweigern.Wir m\u00f6chten unsere G\u00e4ste daran erinnern, dass ein g\u00fcltiges Personaldokument (Pass oder Personalausweis) vorzulegen ist, um eine ordnungsgem\u00e4\u00dfe Registrierung in unserer Struktur zu [&hellip;]","og_url":"https:\/\/www.casavacanzemoresco.com\/de\/informationen-dokumente\/","og_site_name":"Residence Moresco","article_modified_time":"2019-05-28T14:02:44+00:00","og_image":[{"url":"https:\/\/www.casavacanzemoresco.com\/wp-content\/uploads\/2019\/02\/bester-pris-garantert.png","type":"","width":"","height":""}],"twitter_card":"summary_large_image","twitter_misc":{"Gesch\u00e4tzte Lesezeit":"2\u00a0Minuten"},"schema":{"@context":"https:\/\/schema.org","@graph":[{"@type":"WebPage","@id":"https:\/\/www.casavacanzemoresco.com\/de\/informationen-dokumente\/","url":"https:\/\/www.casavacanzemoresco.com\/de\/informationen-dokumente\/","name":"Informationen und Dokumente | Residence Moresco","isPartOf":{"@id":"https:\/\/www.casavacanzemoresco.com\/#website"},"primaryImageOfPage":{"@id":"https:\/\/www.casavacanzemoresco.com\/de\/informationen-dokumente\/#primaryimage"},"image":{"@id":"https:\/\/www.casavacanzemoresco.com\/de\/informationen-dokumente\/#primaryimage"},"thumbnailUrl":"https:\/\/www.casavacanzemoresco.com\/wp-content\/uploads\/2019\/02\/bester-pris-garantert.png","datePublished":"2018-10-31T15:08:04+00:00","dateModified":"2019-05-28T14:02:44+00:00","breadcrumb":{"@id":"https:\/\/www.casavacanzemoresco.com\/de\/informationen-dokumente\/#breadcrumb"},"inLanguage":"de","potentialAction":[{"@type":"ReadAction","target":["https:\/\/www.casavacanzemoresco.com\/de\/informationen-dokumente\/"]}]},{"@type":"ImageObject","inLanguage":"de","@id":"https:\/\/www.casavacanzemoresco.com\/de\/informationen-dokumente\/#primaryimage","url":"https:\/\/www.casavacanzemoresco.com\/wp-content\/uploads\/2019\/02\/bester-pris-garantert.png","contentUrl":"https:\/\/www.casavacanzemoresco.com\/wp-content\/uploads\/2019\/02\/bester-pris-garantert.png"},{"@type":"BreadcrumbList","@id":"https:\/\/www.casavacanzemoresco.com\/de\/informationen-dokumente\/#breadcrumb","itemListElement":[{"@type":"ListItem","position":1,"name":"Home","item":"https:\/\/www.casavacanzemoresco.com\/de\/"},{"@type":"ListItem","position":2,"name":"Informationen und Dokumente"}]},{"@type":"WebSite","@id":"https:\/\/www.casavacanzemoresco.com\/#website","url":"https:\/\/www.casavacanzemoresco.com\/","name":"Residence Moresco","description":"Casa vacanza Liguria fronte mare","publisher":{"@id":"https:\/\/www.casavacanzemoresco.com\/#organization"},"potentialAction":[{"@type":"SearchAction","target":{"@type":"EntryPoint","urlTemplate":"https:\/\/www.casavacanzemoresco.com\/?s={search_term_string}"},"query-input":{"@type":"PropertyValueSpecification","valueRequired":true,"valueName":"search_term_string"}}],"inLanguage":"de"},{"@type":"Organization","@id":"https:\/\/www.casavacanzemoresco.com\/#organization","name":"Casa Vacanze Moresco","url":"https:\/\/www.casavacanzemoresco.com\/","logo":{"@type":"ImageObject","inLanguage":"de","@id":"https:\/\/www.casavacanzemoresco.com\/#\/schema\/logo\/image\/","url":"https:\/\/www.casavacanzemoresco.com\/wp-content\/uploads\/2018\/10\/logo-residence-moresco.png","contentUrl":"https:\/\/www.casavacanzemoresco.com\/wp-content\/uploads\/2018\/10\/logo-residence-moresco.png","width":756,"height":270,"caption":"Casa Vacanze Moresco"},"image":{"@id":"https:\/\/www.casavacanzemoresco.com\/#\/schema\/logo\/image\/"}}]}},"_links":{"self":[{"href":"https:\/\/www.casavacanzemoresco.com\/de\/wp-json\/wp\/v2\/pages\/206507","targetHints":{"allow":["GET"]}}],"collection":[{"href":"https:\/\/www.casavacanzemoresco.com\/de\/wp-json\/wp\/v2\/pages"}],"about":[{"href":"https:\/\/www.casavacanzemoresco.com\/de\/wp-json\/wp\/v2\/types\/page"}],"author":[{"embeddable":true,"href":"https:\/\/www.casavacanzemoresco.com\/de\/wp-json\/wp\/v2\/users\/1"}],"replies":[{"embeddable":true,"href":"https:\/\/www.casavacanzemoresco.com\/de\/wp-json\/wp\/v2\/comments?post=206507"}],"version-history":[{"count":7,"href":"https:\/\/www.casavacanzemoresco.com\/de\/wp-json\/wp\/v2\/pages\/206507\/revisions"}],"predecessor-version":[{"id":209013,"href":"https:\/\/www.casavacanzemoresco.com\/de\/wp-json\/wp\/v2\/pages\/206507\/revisions\/209013"}],"wp:attachment":[{"href":"https:\/\/www.casavacanzemoresco.com\/de\/wp-json\/wp\/v2\/media?parent=206507"}],"curies":[{"name":"wp","href":"https:\/\/api.w.org\/{rel}","templated":true}]}}