{"id":206418,"date":"2018-10-15T10:03:48","date_gmt":"2018-10-15T10:03:48","guid":{"rendered":"https:\/\/www.casavacanzemoresco.com\/moresco-ceriale\/"},"modified":"2019-05-22T08:30:04","modified_gmt":"2019-05-22T08:30:04","slug":"wer-wir-sind","status":"publish","type":"page","link":"https:\/\/www.casavacanzemoresco.com\/de\/wer-wir-sind\/","title":{"rendered":"Wer wir sind"},"content":{"rendered":"<p>[et_pb_section fb_built=&#8220;1&#8243; disabled_on=&#8220;on|on|off&#8220; _builder_version=&#8220;3.22.3&#8243; background_color=&#8220;rgba(0,0,0,0)&#8220; background_image=&#8220;https:\/\/www.casavacanzemoresco.com\/wp-content\/uploads\/2019\/01\/moresco-ceriale-chi-siamo.jpg&#8220; background_position=&#8220;top_center&#8220; filter_brightness=&#8220;115%&#8220; filter_sepia=&#8220;6%&#8220; animation_style=&#8220;slide&#8220; animation_direction=&#8220;top&#8220; animation_intensity_slide=&#8220;10%&#8220; custom_css_main_element=&#8220;height:650px;&#8220;][\/et_pb_section][et_pb_section fb_built=&#8220;1&#8243; disabled_on=&#8220;on|off|on&#8220; admin_label=&#8220;copertina mobile&#8220; _builder_version=&#8220;3.22.3&#8243; background_color=&#8220;rgba(0,0,0,0)&#8220; background_image=&#8220;https:\/\/www.casavacanzemoresco.com\/wp-content\/uploads\/2019\/01\/moresco-ceriale-chi-siamo.jpg&#8220; background_position=&#8220;top_center&#8220; animation_style=&#8220;slide&#8220; animation_direction=&#8220;top&#8220; animation_intensity_slide=&#8220;10%&#8220; custom_css_main_element=&#8220;height:400px;&#8220;][\/et_pb_section][et_pb_section fb_built=&#8220;1&#8243; disabled_on=&#8220;off|on|on&#8220; admin_label=&#8220;copertina mobile tel&#8220; _builder_version=&#8220;3.22.3&#8243; background_color=&#8220;rgba(0,0,0,0)&#8220; background_image=&#8220;https:\/\/www.casavacanzemoresco.com\/wp-content\/uploads\/2019\/01\/moresco-ceriale-chi-siamo.jpg&#8220; background_position=&#8220;top_center&#8220; animation_style=&#8220;slide&#8220; animation_direction=&#8220;top&#8220; animation_intensity_slide=&#8220;10%&#8220; custom_css_main_element=&#8220;height:200px;&#8220;][\/et_pb_section][et_pb_section fb_built=&#8220;1&#8243; disabled_on=&#8220;||on&#8220; _builder_version=&#8220;3.22.3&#8243; custom_margin=&#8220;0px||0px|&#8220; custom_padding=&#8220;0px||0px|&#8220; custom_css_main_element=&#8220;z-index:99999;&#8220;][et_pb_row custom_padding=&#8220;0px||0px&#8220; custom_margin=&#8220;0px||0px&#8220; admin_label=&#8220;righe book e tel mobile&#8220; _builder_version=&#8220;3.22.3&#8243;][et_pb_column type=&#8220;4_4&#8243; _builder_version=&#8220;3.0.47&#8243;][et_pb_code disabled_on=&#8220;off|off|off&#8220; admin_label=&#8220;codice book now mobile&#8220; _builder_version=&#8220;3.19.12&#8243;]<a href=\"https:\/\/www.casavacanzemoresco.com\/book-now\/\"><\/p>\n<div id=\"booknow\">BOOK NOW <img decoding=\"async\" src=\"https:\/\/www.casavacanzemoresco.com\/wp-content\/uploads\/2019\/02\/bester-pris-garantert.png\" width=\"150px\" style=\"vertical-align:middle;\"><\/div>\n<p><\/a>[\/et_pb_code][et_pb_code disabled_on=&#8220;off|off|off&#8220; admin_label=&#8220;codice telefono mobile&#8220; _builder_version=&#8220;3.18.8&#8243;]<a href=\"tel:+390182930020\"><\/p>\n<div id=\"telmob\"><img decoding=\"async\" src=\"https:\/\/www.casavacanzemoresco.com\/wp-content\/uploads\/2018\/12\/telefono-cellulare.png\" width=\"25px\"><\/div>\n<p><\/a>[\/et_pb_code][\/et_pb_column][\/et_pb_row][\/et_pb_section][et_pb_section fb_built=&#8220;1&#8243; custom_padding_last_edited=&#8220;on|phone&#8220; _builder_version=&#8220;3.22.3&#8243; background_size=&#8220;contain&#8220; background_position=&#8220;top_left&#8220; custom_padding_tablet=&#8220;0px||&#8220; animation_style=&#8220;slide&#8220; animation_direction=&#8220;bottom&#8220; animation_intensity_slide=&#8220;10%&#8220;][et_pb_row _builder_version=&#8220;3.22.3&#8243;][et_pb_column type=&#8220;4_4&#8243; _builder_version=&#8220;3.0.47&#8243;][et_pb_text admin_label=&#8220;Wer wir sind&#8220; _builder_version=&#8220;3.22.7&#8243; text_font=&#8220;|300|||||||&#8220; text_font_size=&#8220;18px&#8220; text_font_size_last_edited=&#8220;on|phone&#8220; text_line_height=&#8220;1.4em&#8220; header_font=&#8220;Roboto||||||||&#8220; header_text_color=&#8220;#aa0956&#8243; header_font_size_phone=&#8220;24px&#8220; header_font_size_last_edited=&#8220;on|phone&#8220; header_line_height=&#8220;1.4em&#8220; header_line_height_last_edited=&#8220;on|tablet&#8220; header_2_font=&#8220;|700|||||||&#8220; header_2_text_color=&#8220;#b265ae&#8220; header_2_font_size=&#8220;35px&#8220; custom_margin=&#8220;|||&#8220; custom_padding=&#8220;|||&#8220;]<\/p>\n<h1 class=\"testores\">Wer wir sind<\/h1>\n<p><strong>Die Ferienresidenz Moresco in Ceriale, seit 1980 ein Familienunternehmen, liegt direkt am Ligurischen Meer<\/strong>, gleich gegen\u00fcber von freien Str\u00e4nden und Badeanstalten und kann deshalb einen wirklich einzigartigen und entspannenden Aufenthalt garantieren. Das Geb\u00e4ude im Baustil Arabesque stammt aus dem Jahr 1964 und wurde <strong>1997 komplett rekonstruiert<\/strong>.<br \/> Unseren Kunden h\u00f6chsten Komfort zu garantieren , ist uns besonders wichtig.<br \/> Deshalb wird das Geb\u00e4ude regelm\u00e4\u00dfigen Kontrollen unterzogen und jedes Jahr werden <strong>Verbesserungen vorgenommen<\/strong>.<\/p>\n<p>[\/et_pb_text][\/et_pb_column][\/et_pb_row][\/et_pb_section][et_pb_section fb_built=&#8220;1&#8243; custom_padding_last_edited=&#8220;on|desktop&#8220; _builder_version=&#8220;3.22.3&#8243; background_color=&#8220;#f7f7f7&#8243; custom_margin=&#8220;|||&#8220; custom_padding=&#8220;120px||175px&#8220; custom_padding_tablet=&#8220;0px||50px|&#8220; animation_style=&#8220;slide&#8220; animation_direction=&#8220;bottom&#8220; animation_intensity_slide=&#8220;10%&#8220;][et_pb_row custom_padding=&#8220;27px|0px|60px|0px|false|false&#8220; _builder_version=&#8220;3.22.3&#8243;][et_pb_column type=&#8220;4_4&#8243; _builder_version=&#8220;3.0.47&#8243;][et_pb_text admin_label=&#8220;unsere wohnungen&#8220; _builder_version=&#8220;3.19.11&#8243; text_text_color=&#8220;#aa0956&#8243; text_font_size=&#8220;35px&#8220; text_font_size_tablet=&#8220;24px&#8220; text_font_size_last_edited=&#8220;on|tablet&#8220; text_line_height=&#8220;1.4em&#8220; header_font=&#8220;Roboto||||||||&#8220; header_text_color=&#8220;#aa0956&#8243; header_line_height=&#8220;1.1em&#8220; header_2_font=&#8220;|700|||||||&#8220; header_2_text_color=&#8220;#b265ae&#8220; header_2_font_size=&#8220;35px&#8220; text_orientation=&#8220;center&#8220; custom_margin=&#8220;|||&#8220; custom_padding=&#8220;|||&#8220;]<\/p>\n<p>Unsere wohnungen<\/p>\n<p>[\/et_pb_text][\/et_pb_column][\/et_pb_row][et_pb_row use_custom_gutter=&#8220;on&#8220; gutter_width=&#8220;2&#8243; custom_padding=&#8220;0px||0px&#8220; custom_margin=&#8220;0px||0px&#8220; module_class=&#8220; et_pb_row_fullwidth&#8220; _builder_version=&#8220;3.22.3&#8243; width=&#8220;94%&#8220; width_tablet=&#8220;80%&#8220; width_last_edited=&#8220;on|desktop&#8220; max_width=&#8220;94%&#8220; max_width_tablet=&#8220;80%&#8220; max_width_last_edited=&#8220;on|desktop&#8220; make_fullwidth=&#8220;on&#8220; custom_width_px=&#8220;1300px&#8220; global_module=&#8220;208480&#8243;][et_pb_column type=&#8220;1_3&#8243; _builder_version=&#8220;3.0.47&#8243;][et_pb_image src=&#8220;https:\/\/www.casavacanzemoresco.com\/wp-content\/uploads\/2018\/11\/monolocale-ceriale-moresco.jpg&#8220; url=&#8220;https:\/\/www.casavacanzemoresco.com\/appartamenti-ceriale\/monolocale-ceriale\/&#8220; show_bottom_space=&#8220;off&#8220; force_fullwidth=&#8220;on&#8220; _builder_version=&#8220;3.17.6&#8243;][\/et_pb_image][et_pb_text admin_label=&#8220;1&#8243; module_class=&#8220;ds-advent-6-text-hide&#8220; _builder_version=&#8220;3.19.12&#8243; text_font=&#8220;|300|||||||&#8220; text_font_size=&#8220;20px&#8220; text_font_size_phone=&#8220;16px&#8220; text_font_size_last_edited=&#8220;on|desktop&#8220; text_line_height=&#8220;1em&#8220; header_3_font=&#8220;Roboto|||on|||||&#8220; header_3_font_size=&#8220;30px&#8220; header_3_font_size_phone=&#8220;22px&#8220; header_3_font_size_last_edited=&#8220;on|desktop&#8220; use_background_color_gradient=&#8220;on&#8220; background_color_gradient_start=&#8220;rgba(121,54,115,0.53)&#8220; background_color_gradient_end=&#8220;rgba(121,54,115,0.53)&#8220; background_color_gradient_direction=&#8220;90deg&#8220; text_orientation=&#8220;center&#8220; background_layout=&#8220;dark&#8220; module_alignment=&#8220;center&#8220; custom_padding=&#8220;20px|20px|20px|20px&#8220; link_option_url=&#8220;https:\/\/www.casavacanzemoresco.com\/de\/ferienwohnungen-ceriale\/1-zimmer-appartements\/&#8220;]<\/p>\n<h3>1-Zimmer-Appartements<\/h3>\n<p><img decoding=\"async\" src=\"https:\/\/www.casavacanzemoresco.com\/wp-content\/uploads\/2018\/11\/persone-per-appartamento.png\" alt=\"\" width=\"15\"> 3 personen &#8211; <img decoding=\"async\" src=\"https:\/\/www.casavacanzemoresco.com\/wp-content\/uploads\/2018\/11\/mq.png\" alt=\"\" width=\"15\"> 30 m\u00b2<\/p>\n<p>[\/et_pb_text][\/et_pb_column][et_pb_column type=&#8220;1_3&#8243; _builder_version=&#8220;3.0.47&#8243;][et_pb_image src=&#8220;https:\/\/www.casavacanzemoresco.com\/wp-content\/uploads\/2019\/01\/bilocale-ceriale-fronte-mare.jpg&#8220; url=&#8220;https:\/\/www.casavacanzemoresco.com\/appartamenti-ceriale\/bilocale-ceriale\/&#8220; show_bottom_space=&#8220;off&#8220; force_fullwidth=&#8220;on&#8220; _builder_version=&#8220;3.21&#8243;][\/et_pb_image][et_pb_text admin_label=&#8220;2&#8243; module_class=&#8220;ds-advent-6-text-hide&#8220; _builder_version=&#8220;3.21.4&#8243; text_font=&#8220;|300|||||||&#8220; text_font_size=&#8220;20px&#8220; text_font_size_phone=&#8220;16px&#8220; text_font_size_last_edited=&#8220;on|phone&#8220; text_line_height=&#8220;1em&#8220; header_3_font=&#8220;Roboto|||on|||||&#8220; header_3_font_size=&#8220;30px&#8220; header_3_font_size_phone=&#8220;22px&#8220; header_3_font_size_last_edited=&#8220;on|desktop&#8220; use_background_color_gradient=&#8220;on&#8220; background_color_gradient_start=&#8220;rgba(121,54,115,0.53)&#8220; background_color_gradient_end=&#8220;rgba(121,54,115,0.53)&#8220; background_color_gradient_direction=&#8220;90deg&#8220; text_orientation=&#8220;center&#8220; background_layout=&#8220;dark&#8220; module_alignment=&#8220;center&#8220; custom_padding=&#8220;20px|20px|20px|20px&#8220; link_option_url=&#8220;https:\/\/www.casavacanzemoresco.com\/de\/ferienwohnungen-ceriale\/2-zimmer-appartements\/&#8220;]<\/p>\n<h3>2-Zimmer-Appartements<\/h3>\n<p><img decoding=\"async\" src=\"https:\/\/www.casavacanzemoresco.com\/wp-content\/uploads\/2018\/11\/persone-per-appartamento.png\" alt=\"\" width=\"15\"> 4\/5 personen &#8211; <img decoding=\"async\" src=\"https:\/\/www.casavacanzemoresco.com\/wp-content\/uploads\/2018\/11\/mq.png\" alt=\"\" width=\"15\"> 40\/45 m\u00b2<\/p>\n<p>[\/et_pb_text][\/et_pb_column][et_pb_column type=&#8220;1_3&#8243; _builder_version=&#8220;3.0.47&#8243;][et_pb_image src=&#8220;https:\/\/www.casavacanzemoresco.com\/wp-content\/uploads\/2019\/03\/trilocali-moresco-residence.jpg&#8220; url=&#8220;https:\/\/www.casavacanzemoresco.com\/appartamenti-ceriale\/appartamento-trilocale\/&#8220; show_bottom_space=&#8220;off&#8220; force_fullwidth=&#8220;on&#8220; _builder_version=&#8220;3.21&#8243;][\/et_pb_image][et_pb_text admin_label=&#8220;3&#8243; module_class=&#8220;ds-advent-6-text-hide&#8220; _builder_version=&#8220;3.21.4&#8243; text_font=&#8220;|300|||||||&#8220; text_font_size=&#8220;20px&#8220; text_font_size_phone=&#8220;16px&#8220; text_font_size_last_edited=&#8220;on|phone&#8220; text_line_height=&#8220;1em&#8220; header_3_font=&#8220;Roboto|||on|||||&#8220; header_3_font_size=&#8220;30px&#8220; header_3_font_size_phone=&#8220;22px&#8220; header_3_font_size_last_edited=&#8220;on|desktop&#8220; use_background_color_gradient=&#8220;on&#8220; background_color_gradient_start=&#8220;rgba(121,54,115,0.53)&#8220; background_color_gradient_end=&#8220;rgba(121,54,115,0.53)&#8220; background_color_gradient_direction=&#8220;90deg&#8220; text_orientation=&#8220;center&#8220; background_layout=&#8220;dark&#8220; module_alignment=&#8220;center&#8220; custom_padding=&#8220;20px|20px|20px|20px&#8220; link_option_url=&#8220;https:\/\/www.casavacanzemoresco.com\/de\/ferienwohnungen-ceriale\/3-zimmer-appartements\/&#8220;]<\/p>\n<h3>3-Zimmer-Appartements<\/h3>\n<p><img decoding=\"async\" src=\"https:\/\/www.casavacanzemoresco.com\/wp-content\/uploads\/2018\/11\/persone-per-appartamento.png\" alt=\"\" width=\"15\"> 5\/6 personen &#8211; <img decoding=\"async\" src=\"https:\/\/www.casavacanzemoresco.com\/wp-content\/uploads\/2018\/11\/mq.png\" alt=\"\" width=\"15\"> 55 m\u00b2<\/p>\n<p>[\/et_pb_text][\/et_pb_column][\/et_pb_row][\/et_pb_section]<\/p>\n","protected":false},"excerpt":{"rendered":"<p>Wer wir sind Die Ferienresidenz Moresco in Ceriale, seit 1980 ein Familienunternehmen, liegt direkt am Ligurischen Meer, gleich gegen\u00fcber von freien Str\u00e4nden und Badeanstalten und kann deshalb einen wirklich einzigartigen und entspannenden Aufenthalt garantieren. Das Geb\u00e4ude im Baustil Arabesque stammt aus dem Jahr 1964 und wurde 1997 komplett rekonstruiert. Unseren Kunden h\u00f6chsten Komfort zu garantieren [&hellip;]<\/p>\n","protected":false},"author":1,"featured_media":0,"parent":0,"menu_order":0,"comment_status":"closed","ping_status":"closed","template":"","meta":{"_et_pb_use_builder":"on","_et_pb_old_content":"","_et_gb_content_width":"","footnotes":""},"class_list":["post-206418","page","type-page","status-publish","hentry"],"yoast_head":"<!-- This site is optimized with the Yoast SEO plugin v27.5 - https:\/\/yoast.com\/product\/yoast-seo-wordpress\/ -->\n<title>Wer wir sind | Residence Moresco<\/title>\n<meta name=\"robots\" content=\"index, follow, max-snippet:-1, max-image-preview:large, max-video-preview:-1\" \/>\n<link rel=\"canonical\" href=\"https:\/\/www.casavacanzemoresco.com\/de\/wer-wir-sind\/\" \/>\n<meta property=\"og:locale\" content=\"de_DE\" \/>\n<meta property=\"og:type\" content=\"article\" \/>\n<meta property=\"og:title\" content=\"Wer wir sind | Residence Moresco\" \/>\n<meta property=\"og:description\" content=\"Wer wir sind Die Ferienresidenz Moresco in Ceriale, seit 1980 ein Familienunternehmen, liegt direkt am Ligurischen Meer, gleich gegen\u00fcber von freien Str\u00e4nden und Badeanstalten und kann deshalb einen wirklich einzigartigen und entspannenden Aufenthalt garantieren. Das Geb\u00e4ude im Baustil Arabesque stammt aus dem Jahr 1964 und wurde 1997 komplett rekonstruiert. Unseren Kunden h\u00f6chsten Komfort zu garantieren [&hellip;]\" \/>\n<meta property=\"og:url\" content=\"https:\/\/www.casavacanzemoresco.com\/de\/wer-wir-sind\/\" \/>\n<meta property=\"og:site_name\" content=\"Residence Moresco\" \/>\n<meta property=\"article:modified_time\" content=\"2019-05-22T08:30:04+00:00\" \/>\n<meta property=\"og:image\" content=\"https:\/\/www.casavacanzemoresco.com\/wp-content\/uploads\/2019\/02\/bester-pris-garantert.png\" \/>\n<meta name=\"twitter:card\" content=\"summary_large_image\" \/>\n<meta name=\"twitter:label1\" content=\"Gesch\u00e4tzte Lesezeit\" \/>\n\t<meta name=\"twitter:data1\" content=\"5\u00a0Minuten\" \/>\n<script type=\"application\/ld+json\" class=\"yoast-schema-graph\">{\"@context\":\"https:\\\/\\\/schema.org\",\"@graph\":[{\"@type\":\"WebPage\",\"@id\":\"https:\\\/\\\/www.casavacanzemoresco.com\\\/de\\\/wer-wir-sind\\\/\",\"url\":\"https:\\\/\\\/www.casavacanzemoresco.com\\\/de\\\/wer-wir-sind\\\/\",\"name\":\"Wer wir sind | Residence Moresco\",\"isPartOf\":{\"@id\":\"https:\\\/\\\/www.casavacanzemoresco.com\\\/#website\"},\"primaryImageOfPage\":{\"@id\":\"https:\\\/\\\/www.casavacanzemoresco.com\\\/de\\\/wer-wir-sind\\\/#primaryimage\"},\"image\":{\"@id\":\"https:\\\/\\\/www.casavacanzemoresco.com\\\/de\\\/wer-wir-sind\\\/#primaryimage\"},\"thumbnailUrl\":\"https:\\\/\\\/www.casavacanzemoresco.com\\\/wp-content\\\/uploads\\\/2019\\\/02\\\/bester-pris-garantert.png\",\"datePublished\":\"2018-10-15T10:03:48+00:00\",\"dateModified\":\"2019-05-22T08:30:04+00:00\",\"breadcrumb\":{\"@id\":\"https:\\\/\\\/www.casavacanzemoresco.com\\\/de\\\/wer-wir-sind\\\/#breadcrumb\"},\"inLanguage\":\"de\",\"potentialAction\":[{\"@type\":\"ReadAction\",\"target\":[\"https:\\\/\\\/www.casavacanzemoresco.com\\\/de\\\/wer-wir-sind\\\/\"]}]},{\"@type\":\"ImageObject\",\"inLanguage\":\"de\",\"@id\":\"https:\\\/\\\/www.casavacanzemoresco.com\\\/de\\\/wer-wir-sind\\\/#primaryimage\",\"url\":\"https:\\\/\\\/www.casavacanzemoresco.com\\\/wp-content\\\/uploads\\\/2019\\\/02\\\/bester-pris-garantert.png\",\"contentUrl\":\"https:\\\/\\\/www.casavacanzemoresco.com\\\/wp-content\\\/uploads\\\/2019\\\/02\\\/bester-pris-garantert.png\"},{\"@type\":\"BreadcrumbList\",\"@id\":\"https:\\\/\\\/www.casavacanzemoresco.com\\\/de\\\/wer-wir-sind\\\/#breadcrumb\",\"itemListElement\":[{\"@type\":\"ListItem\",\"position\":1,\"name\":\"Home\",\"item\":\"https:\\\/\\\/www.casavacanzemoresco.com\\\/de\\\/\"},{\"@type\":\"ListItem\",\"position\":2,\"name\":\"Wer wir sind\"}]},{\"@type\":\"WebSite\",\"@id\":\"https:\\\/\\\/www.casavacanzemoresco.com\\\/#website\",\"url\":\"https:\\\/\\\/www.casavacanzemoresco.com\\\/\",\"name\":\"Residence Moresco\",\"description\":\"Casa vacanza Liguria fronte mare\",\"publisher\":{\"@id\":\"https:\\\/\\\/www.casavacanzemoresco.com\\\/#organization\"},\"potentialAction\":[{\"@type\":\"SearchAction\",\"target\":{\"@type\":\"EntryPoint\",\"urlTemplate\":\"https:\\\/\\\/www.casavacanzemoresco.com\\\/?s={search_term_string}\"},\"query-input\":{\"@type\":\"PropertyValueSpecification\",\"valueRequired\":true,\"valueName\":\"search_term_string\"}}],\"inLanguage\":\"de\"},{\"@type\":\"Organization\",\"@id\":\"https:\\\/\\\/www.casavacanzemoresco.com\\\/#organization\",\"name\":\"Casa Vacanze Moresco\",\"url\":\"https:\\\/\\\/www.casavacanzemoresco.com\\\/\",\"logo\":{\"@type\":\"ImageObject\",\"inLanguage\":\"de\",\"@id\":\"https:\\\/\\\/www.casavacanzemoresco.com\\\/#\\\/schema\\\/logo\\\/image\\\/\",\"url\":\"https:\\\/\\\/www.casavacanzemoresco.com\\\/wp-content\\\/uploads\\\/2018\\\/10\\\/logo-residence-moresco.png\",\"contentUrl\":\"https:\\\/\\\/www.casavacanzemoresco.com\\\/wp-content\\\/uploads\\\/2018\\\/10\\\/logo-residence-moresco.png\",\"width\":756,\"height\":270,\"caption\":\"Casa Vacanze Moresco\"},\"image\":{\"@id\":\"https:\\\/\\\/www.casavacanzemoresco.com\\\/#\\\/schema\\\/logo\\\/image\\\/\"}}]}<\/script>\n<!-- \/ Yoast SEO plugin. -->","yoast_head_json":{"title":"Wer wir sind | Residence Moresco","robots":{"index":"index","follow":"follow","max-snippet":"max-snippet:-1","max-image-preview":"max-image-preview:large","max-video-preview":"max-video-preview:-1"},"canonical":"https:\/\/www.casavacanzemoresco.com\/de\/wer-wir-sind\/","og_locale":"de_DE","og_type":"article","og_title":"Wer wir sind | Residence Moresco","og_description":"Wer wir sind Die Ferienresidenz Moresco in Ceriale, seit 1980 ein Familienunternehmen, liegt direkt am Ligurischen Meer, gleich gegen\u00fcber von freien Str\u00e4nden und Badeanstalten und kann deshalb einen wirklich einzigartigen und entspannenden Aufenthalt garantieren. Das Geb\u00e4ude im Baustil Arabesque stammt aus dem Jahr 1964 und wurde 1997 komplett rekonstruiert. Unseren Kunden h\u00f6chsten Komfort zu garantieren [&hellip;]","og_url":"https:\/\/www.casavacanzemoresco.com\/de\/wer-wir-sind\/","og_site_name":"Residence Moresco","article_modified_time":"2019-05-22T08:30:04+00:00","og_image":[{"url":"https:\/\/www.casavacanzemoresco.com\/wp-content\/uploads\/2019\/02\/bester-pris-garantert.png","type":"","width":"","height":""}],"twitter_card":"summary_large_image","twitter_misc":{"Gesch\u00e4tzte Lesezeit":"5\u00a0Minuten"},"schema":{"@context":"https:\/\/schema.org","@graph":[{"@type":"WebPage","@id":"https:\/\/www.casavacanzemoresco.com\/de\/wer-wir-sind\/","url":"https:\/\/www.casavacanzemoresco.com\/de\/wer-wir-sind\/","name":"Wer wir sind | Residence Moresco","isPartOf":{"@id":"https:\/\/www.casavacanzemoresco.com\/#website"},"primaryImageOfPage":{"@id":"https:\/\/www.casavacanzemoresco.com\/de\/wer-wir-sind\/#primaryimage"},"image":{"@id":"https:\/\/www.casavacanzemoresco.com\/de\/wer-wir-sind\/#primaryimage"},"thumbnailUrl":"https:\/\/www.casavacanzemoresco.com\/wp-content\/uploads\/2019\/02\/bester-pris-garantert.png","datePublished":"2018-10-15T10:03:48+00:00","dateModified":"2019-05-22T08:30:04+00:00","breadcrumb":{"@id":"https:\/\/www.casavacanzemoresco.com\/de\/wer-wir-sind\/#breadcrumb"},"inLanguage":"de","potentialAction":[{"@type":"ReadAction","target":["https:\/\/www.casavacanzemoresco.com\/de\/wer-wir-sind\/"]}]},{"@type":"ImageObject","inLanguage":"de","@id":"https:\/\/www.casavacanzemoresco.com\/de\/wer-wir-sind\/#primaryimage","url":"https:\/\/www.casavacanzemoresco.com\/wp-content\/uploads\/2019\/02\/bester-pris-garantert.png","contentUrl":"https:\/\/www.casavacanzemoresco.com\/wp-content\/uploads\/2019\/02\/bester-pris-garantert.png"},{"@type":"BreadcrumbList","@id":"https:\/\/www.casavacanzemoresco.com\/de\/wer-wir-sind\/#breadcrumb","itemListElement":[{"@type":"ListItem","position":1,"name":"Home","item":"https:\/\/www.casavacanzemoresco.com\/de\/"},{"@type":"ListItem","position":2,"name":"Wer wir sind"}]},{"@type":"WebSite","@id":"https:\/\/www.casavacanzemoresco.com\/#website","url":"https:\/\/www.casavacanzemoresco.com\/","name":"Residence Moresco","description":"Casa vacanza Liguria fronte mare","publisher":{"@id":"https:\/\/www.casavacanzemoresco.com\/#organization"},"potentialAction":[{"@type":"SearchAction","target":{"@type":"EntryPoint","urlTemplate":"https:\/\/www.casavacanzemoresco.com\/?s={search_term_string}"},"query-input":{"@type":"PropertyValueSpecification","valueRequired":true,"valueName":"search_term_string"}}],"inLanguage":"de"},{"@type":"Organization","@id":"https:\/\/www.casavacanzemoresco.com\/#organization","name":"Casa Vacanze Moresco","url":"https:\/\/www.casavacanzemoresco.com\/","logo":{"@type":"ImageObject","inLanguage":"de","@id":"https:\/\/www.casavacanzemoresco.com\/#\/schema\/logo\/image\/","url":"https:\/\/www.casavacanzemoresco.com\/wp-content\/uploads\/2018\/10\/logo-residence-moresco.png","contentUrl":"https:\/\/www.casavacanzemoresco.com\/wp-content\/uploads\/2018\/10\/logo-residence-moresco.png","width":756,"height":270,"caption":"Casa Vacanze Moresco"},"image":{"@id":"https:\/\/www.casavacanzemoresco.com\/#\/schema\/logo\/image\/"}}]}},"_links":{"self":[{"href":"https:\/\/www.casavacanzemoresco.com\/de\/wp-json\/wp\/v2\/pages\/206418","targetHints":{"allow":["GET"]}}],"collection":[{"href":"https:\/\/www.casavacanzemoresco.com\/de\/wp-json\/wp\/v2\/pages"}],"about":[{"href":"https:\/\/www.casavacanzemoresco.com\/de\/wp-json\/wp\/v2\/types\/page"}],"author":[{"embeddable":true,"href":"https:\/\/www.casavacanzemoresco.com\/de\/wp-json\/wp\/v2\/users\/1"}],"replies":[{"embeddable":true,"href":"https:\/\/www.casavacanzemoresco.com\/de\/wp-json\/wp\/v2\/comments?post=206418"}],"version-history":[{"count":6,"href":"https:\/\/www.casavacanzemoresco.com\/de\/wp-json\/wp\/v2\/pages\/206418\/revisions"}],"predecessor-version":[{"id":208928,"href":"https:\/\/www.casavacanzemoresco.com\/de\/wp-json\/wp\/v2\/pages\/206418\/revisions\/208928"}],"wp:attachment":[{"href":"https:\/\/www.casavacanzemoresco.com\/de\/wp-json\/wp\/v2\/media?parent=206418"}],"curies":[{"name":"wp","href":"https:\/\/api.w.org\/{rel}","templated":true}]}}